{"id":342,"date":"2019-06-13T12:06:20","date_gmt":"2019-06-13T10:06:20","guid":{"rendered":"http:\/\/wordpress.p518536.webspaceconfig.de\/en\/?page_id=342"},"modified":"2025-09-01T15:25:06","modified_gmt":"2025-09-01T13:25:06","slug":"legalnotice","status":"publish","type":"page","link":"https:\/\/sggc.com\/en\/legalnotice\/","title":{"rendered":"Legal Notice"},"content":{"rendered":"\t\t<div data-elementor-type=\"wp-page\" data-elementor-id=\"342\" class=\"elementor elementor-342\">\n\t\t\t\t\t\t<section class=\"elementor-section elementor-top-section elementor-element elementor-element-78d937d elementor-section-boxed elementor-section-height-default elementor-section-height-default\" data-id=\"78d937d\" data-element_type=\"section\" data-e-type=\"section\">\n\t\t\t\t\t\t<div class=\"elementor-container elementor-column-gap-default\">\n\t\t\t\t\t<div class=\"elementor-column elementor-col-100 elementor-top-column elementor-element elementor-element-393d0c9\" data-id=\"393d0c9\" data-element_type=\"column\" data-e-type=\"column\">\n\t\t\t<div class=\"elementor-widget-wrap elementor-element-populated\">\n\t\t\t\t\t\t<div class=\"elementor-element elementor-element-ac75848 elementor-widget elementor-widget-heading\" data-id=\"ac75848\" data-element_type=\"widget\" data-e-type=\"widget\" data-widget_type=\"heading.default\">\n\t\t\t\t<div class=\"elementor-widget-container\">\n\t\t\t\t\t<h2 class=\"elementor-heading-title elementor-size-default\"><br>Legal Notice<\/h2>\t\t\t\t<\/div>\n\t\t\t\t<\/div>\n\t\t\t\t\t<\/div>\n\t\t<\/div>\n\t\t\t\t\t<\/div>\n\t\t<\/section>\n\t\t\t\t<section class=\"elementor-section elementor-top-section elementor-element elementor-element-9eb7a58 elementor-section-boxed elementor-section-height-default elementor-section-height-default\" data-id=\"9eb7a58\" data-element_type=\"section\" data-e-type=\"section\">\n\t\t\t\t\t\t<div class=\"elementor-container elementor-column-gap-default\">\n\t\t\t\t\t<div class=\"elementor-column elementor-col-100 elementor-top-column elementor-element elementor-element-29e8b48\" data-id=\"29e8b48\" data-element_type=\"column\" data-e-type=\"column\">\n\t\t\t<div class=\"elementor-widget-wrap elementor-element-populated\">\n\t\t\t\t\t\t<div class=\"elementor-element elementor-element-e3bb960 elementor-widget elementor-widget-text-editor\" data-id=\"e3bb960\" data-element_type=\"widget\" data-e-type=\"widget\" data-widget_type=\"text-editor.default\">\n\t\t\t\t<div class=\"elementor-widget-container\">\n\t\t\t\t\t\t\t\t\t<div>\n<div>\n<div>\n<div>\n<div>\n<div>\n<div>\n<h3 style=\"margin-bottom: 15px; color: #333333; font: 400 21px \/ 31px 'Open Sans'; text-transform: none; letter-spacing: normal; word-spacing: 0px; text-decoration: none;\"><span style=\"color: #333333;\">SGGC GmbH<\/span><\/h3>\n<\/div>\n<p><span style=\"color: #333333;\">Carlstr. 50 (CMC Geb\u00e4ude)<\/span><br \/><span style=\"color: #333333;\">D-52531 \u00dcbach-Palenberg<\/span><br \/><span style=\"color: #333333;\">Germany<\/span><\/p>\n<div>\n<p><span style=\"color: #333333;\"><strong>Contact:<br \/><\/strong>Tel.: +49(0)209 88 30 480<\/span><br \/><span style=\"color: #333333;\">Fax: +49(0)209 88 30 4899<\/span><\/p>\n<p><span style=\"color: #333333;\">Email: info@sggc.com<\/span><br \/><span style=\"color: #333333;\">Web: https:\/\/sggc.com<\/span><\/p>\n<\/div>\n<\/div>\n<\/div>\n<\/div>\n<\/div>\n<\/div>\n<div>\n<p><span style=\"color: #333333;\"><strong>Represented by:<\/strong><\/span><br \/><span style=\"color: #333333;\">Dipl.-Ing. Harald Prang (Gesch\u00e4ftsf\u00fchrer)<\/span><br \/><span style=\"color: #333333;\">Dr. Arjen Steiner (Gesch\u00e4ftsf\u00fchrer)<\/span><\/p>\n<p><span style=\"color: #333333;\"><strong>Register entry:<\/strong><\/span><br \/><span style=\"color: #333333;\">Entry in the commercial register.<\/span><br \/><span style=\"color: #333333;\">Register court: Traunstein <\/span><br \/><span style=\"color: #333333;\">Registernumber: HRB 34193<\/span><\/p>\n<p><span style=\"color: #333333;\"><strong>Sales tax ID:<\/strong><\/span><br \/><span style=\"color: #333333;\">USt- ID: DE 258116991<\/span><\/p>\n<\/div>\n<\/div>\n<div>\n<div>\n<div>\n<div>\n<p><span style=\"color: #333333;\"><strong>Liability for contents:<\/strong><\/span><br \/><span style=\"color: #333333;\">As a service provider, we are responsible for our own content on these pages in accordance with \u00a7 7 Section 1 of the German Telemedia Act (TMG). According to \u00a7\u00a7 8 to 10 TMG, however, we are not obliged as service providers to monitor transmitted or stored third-party information or to investigate circumstances that indicate illegal activity. Obligations to remove or block the use of information in accordance with general laws remain unaffected by this. However, liability in this respect is only possible from the time of knowledge of a concrete violation of the law. As soon as we become aware of such violations of the law, we will remove these contents immediately.<\/span><\/p>\n<p><span style=\"color: #333333;\"><strong>Liability for links<br \/><\/strong>Our website contains links to external websites of third parties over whose contents we have no influence. Therefore, we cannot assume any liability for these external contents. The respective provider or operator of the pages is always responsible for the contents of the linked pages. The linked pages were checked for possible legal infringements at the time of linking. Illegal contents were not recognizable at the time of linking. However, permanent monitoring of the content of the linked pages is unreasonable without concrete evidence of a violation of the law. If we become aware of any infringements, we will remove such links immediately.<\/span><\/p>\n<p><span style=\"color: #333333;\"><strong>Copyright<br \/><\/strong>The contents and works created by the site operators on these pages are subject to German copyright law. Duplication, editing, distribution and any kind of use outside the limits of copyright law require the written consent of the respective author or creator. Downloads and copies of this site are only permitted for private, non-commercial use. As far as the contents on this site were not created by the operator, the copyrights of third parties are respected. In particular, the contents of third parties are marked as such. Should you nevertheless become aware of a copyright infringement, please inform us accordingly. As soon as we become aware of any such infringements, we will remove such content immediately.<\/span><\/p>\n<\/div>\n<\/div>\n<\/div>\n<\/div>\t\t\t\t\t\t\t\t<\/div>\n\t\t\t\t<\/div>\n\t\t\t\t\t<\/div>\n\t\t<\/div>\n\t\t\t\t\t<\/div>\n\t\t<\/section>\n\t\t\t\t<\/div>\n\t\t","protected":false},"excerpt":{"rendered":"<p>Legal Notice SGGC GmbH Carlstr. 50 (CMC Geb\u00e4ude)D-52531 \u00dcbach-PalenbergGermany Contact:Tel.: +49(0)209 88 30 480Fax: +49(0)209 88 30 4899 Email: info@sggc.comWeb: https:\/\/sggc.com Represented by:Dipl.-Ing. Harald Prang (Gesch\u00e4ftsf\u00fchrer)Dr. Arjen Steiner (Gesch\u00e4ftsf\u00fchrer) Register entry:Entry in the commercial register.Register court: Traunstein Registernumber: HRB 34193 Sales tax ID:USt- ID: DE 258116991 Liability for contents:As a service provider, we are responsible&hellip;<\/p>\n","protected":false},"author":5,"featured_media":0,"parent":0,"menu_order":0,"comment_status":"closed","ping_status":"closed","template":"","meta":{"footnotes":""},"class_list":["post-342","page","type-page","status-publish","hentry"],"_links":{"self":[{"href":"https:\/\/sggc.com\/en\/wp-json\/wp\/v2\/pages\/342","targetHints":{"allow":["GET"]}}],"collection":[{"href":"https:\/\/sggc.com\/en\/wp-json\/wp\/v2\/pages"}],"about":[{"href":"https:\/\/sggc.com\/en\/wp-json\/wp\/v2\/types\/page"}],"author":[{"embeddable":true,"href":"https:\/\/sggc.com\/en\/wp-json\/wp\/v2\/users\/5"}],"replies":[{"embeddable":true,"href":"https:\/\/sggc.com\/en\/wp-json\/wp\/v2\/comments?post=342"}],"version-history":[{"count":22,"href":"https:\/\/sggc.com\/en\/wp-json\/wp\/v2\/pages\/342\/revisions"}],"predecessor-version":[{"id":647,"href":"https:\/\/sggc.com\/en\/wp-json\/wp\/v2\/pages\/342\/revisions\/647"}],"wp:attachment":[{"href":"https:\/\/sggc.com\/en\/wp-json\/wp\/v2\/media?parent=342"}],"curies":[{"name":"wp","href":"https:\/\/api.w.org\/{rel}","templated":true}]}}