{"id":342,"date":"2019-06-13T12:06:20","date_gmt":"2019-06-13T10:06:20","guid":{"rendered":"http:\/\/wordpress.p518536.webspaceconfig.de\/en\/?page_id=342"},"modified":"2026-05-12T16:58:11","modified_gmt":"2026-05-12T14:58:11","slug":"impressum","status":"publish","type":"page","link":"https:\/\/sggc.com\/fr\/impressum\/","title":{"rendered":"Impressum"},"content":{"rendered":"\t\t<div data-elementor-type=\"wp-page\" data-elementor-id=\"342\" class=\"elementor elementor-342\">\n\t\t\t\t\t\t<section class=\"elementor-section elementor-top-section elementor-element elementor-element-bf9c75d elementor-section-boxed elementor-section-height-default elementor-section-height-default\" data-id=\"bf9c75d\" data-element_type=\"section\" data-e-type=\"section\">\n\t\t\t\t\t\t<div class=\"elementor-container elementor-column-gap-default\">\n\t\t\t\t\t<div class=\"elementor-column elementor-col-100 elementor-top-column elementor-element elementor-element-941ee6b\" data-id=\"941ee6b\" data-element_type=\"column\" data-e-type=\"column\">\n\t\t\t<div class=\"elementor-widget-wrap elementor-element-populated\">\n\t\t\t\t\t\t<div class=\"elementor-element elementor-element-74758a3 elementor-widget elementor-widget-text-editor\" data-id=\"74758a3\" data-element_type=\"widget\" data-e-type=\"widget\" data-widget_type=\"text-editor.default\">\n\t\t\t\t<div class=\"elementor-widget-container\">\n\t\t\t\t\t\t\t\t\t<h6 class=\"MsoNormal\"><b>SGGC GmbH<\/b><\/h6><p class=\"MsoNormal\">Carlstr. 50 (CMC Geb\u00e4ude)<\/p><p class=\"MsoNormal\">D-52531 \u00dcbach-Palenberg<\/p><p class=\"MsoNormal\">Telefon: +49 (0)2451 99483 0<br \/>Fax: : +49 (0)2451 99483 99<\/p><p class=\"MsoNormal\">Email: <a href=\"mailto:info@sggc.com\">info@sggc.com<\/a><br \/>Internet: <a href=\"file:\/\/www.sggc.com\">www.sggc.com<\/a><\/p><p class=\"MsoNormal\">Repr\u00e9sentant autoris\u00e9<br \/>Dipl.-Ing. Harald Prang (Directeur g\u00e9n\u00e9ral)<br \/>Dr. Arjen Steiner (Directeur g\u00e9n\u00e9ral)<\/p><p class=\"MsoNormal\">Handelsregister Traunstein HRB 34193<br \/>USt- ID: DE 258116991<\/p><p class=\"MsoNormal\"><b>Copyright<br \/>Les droits d&rsquo;auteur des contenus publi\u00e9s et cr\u00e9\u00e9s par l&rsquo;auteur restent la propri\u00e9t\u00e9 exclusive de ce dernier. Toute reproduction ou utilisation de ces \u00e9l\u00e9ments graphiques, enregistrements audio, s\u00e9quences vid\u00e9o et textes dans d&rsquo;autres publications \u00e9lectroniques ou imprim\u00e9es est interdite sans l&rsquo;autorisation expresse des parties concern\u00e9es.<\/b><\/p><p>\u00a0<\/p><p class=\"MsoNormal\"><b>Avertissement<br \/>Malgr\u00e9 un examen attentif des contenus, nous d\u00e9clinons toute responsabilit\u00e9 quant au contenu des liens externes. Les exploitants des pages li\u00e9es sont seuls responsables de leur contenu.<\/b><\/p>\t\t\t\t\t\t\t\t<\/div>\n\t\t\t\t<\/div>\n\t\t\t\t\t<\/div>\n\t\t<\/div>\n\t\t\t\t\t<\/div>\n\t\t<\/section>\n\t\t\t\t<\/div>\n\t\t","protected":false},"excerpt":{"rendered":"<p>SGGC GmbH Carlstr. 50 (CMC Geb\u00e4ude) D-52531 \u00dcbach-Palenberg Telefon: +49 (0)2451 99483 0Fax: : +49 (0)2451 99483 99 Email: info@sggc.comInternet: www.sggc.com Repr\u00e9sentant autoris\u00e9Dipl.-Ing. Harald Prang (Directeur g\u00e9n\u00e9ral)Dr. Arjen Steiner (Directeur g\u00e9n\u00e9ral) Handelsregister Traunstein HRB 34193USt- ID: DE 258116991 CopyrightLes droits d&rsquo;auteur des contenus publi\u00e9s et cr\u00e9\u00e9s par l&rsquo;auteur restent la propri\u00e9t\u00e9 exclusive de ce dernier.&hellip;<\/p>\n","protected":false},"author":1,"featured_media":0,"parent":0,"menu_order":0,"comment_status":"closed","ping_status":"closed","template":"","meta":{"footnotes":""},"class_list":["post-342","page","type-page","status-publish","hentry"],"_links":{"self":[{"href":"https:\/\/sggc.com\/fr\/wp-json\/wp\/v2\/pages\/342","targetHints":{"allow":["GET"]}}],"collection":[{"href":"https:\/\/sggc.com\/fr\/wp-json\/wp\/v2\/pages"}],"about":[{"href":"https:\/\/sggc.com\/fr\/wp-json\/wp\/v2\/types\/page"}],"author":[{"embeddable":true,"href":"https:\/\/sggc.com\/fr\/wp-json\/wp\/v2\/users\/1"}],"replies":[{"embeddable":true,"href":"https:\/\/sggc.com\/fr\/wp-json\/wp\/v2\/comments?post=342"}],"version-history":[{"count":4,"href":"https:\/\/sggc.com\/fr\/wp-json\/wp\/v2\/pages\/342\/revisions"}],"predecessor-version":[{"id":648,"href":"https:\/\/sggc.com\/fr\/wp-json\/wp\/v2\/pages\/342\/revisions\/648"}],"wp:attachment":[{"href":"https:\/\/sggc.com\/fr\/wp-json\/wp\/v2\/media?parent=342"}],"curies":[{"name":"wp","href":"https:\/\/api.w.org\/{rel}","templated":true}]}}