{"id":344,"date":"2019-06-13T12:10:34","date_gmt":"2019-06-13T10:10:34","guid":{"rendered":"http:\/\/wordpress.p518536.webspaceconfig.de\/en\/?page_id=344"},"modified":"2026-05-08T09:32:47","modified_gmt":"2026-05-08T07:32:47","slug":"kontakt","status":"publish","type":"page","link":"https:\/\/sggc.com\/fr\/kontakt\/","title":{"rendered":"Contact"},"content":{"rendered":"\t\t<div data-elementor-type=\"wp-page\" data-elementor-id=\"344\" class=\"elementor elementor-344\">\n\t\t\t\t\t\t<section class=\"elementor-section elementor-top-section elementor-element elementor-element-788bf7d2 elementor-section-boxed elementor-section-height-default elementor-section-height-default\" data-id=\"788bf7d2\" data-element_type=\"section\" data-e-type=\"section\">\n\t\t\t\t\t\t<div class=\"elementor-container elementor-column-gap-default\">\n\t\t\t\t\t<div class=\"elementor-column elementor-col-100 elementor-top-column elementor-element elementor-element-3f8eb0c8\" data-id=\"3f8eb0c8\" data-element_type=\"column\" data-e-type=\"column\">\n\t\t\t<div class=\"elementor-widget-wrap elementor-element-populated\">\n\t\t\t\t\t\t<div class=\"elementor-element elementor-element-7547cc87 elementor-widget elementor-widget-text-editor\" data-id=\"7547cc87\" data-element_type=\"widget\" data-e-type=\"widget\" data-widget_type=\"text-editor.default\">\n\t\t\t\t<div class=\"elementor-widget-container\">\n\t\t\t\t\t\t\t\t\t<div id=\"dslc-content\" class=\"dslc-content dslc-clearfix\"><div id=\"dslc-main\"><div class=\"dslc-modules-section dslc-full \" data-section-id=\"76b078ac39a\"><div class=\"dslc-modules-section-wrapper dslc-clearfix\"><div class=\"dslc-modules-area dslc-col dslc-12-col dslc-last-col dslc-valign- \" data-size=\"12\" data-valign=\"\"><div id=\"dslc-module-ab68b8cb53d\" class=\"dslc-module-front dslc-module-DSLC_Text_Simple dslc-in-viewport-check dslc-in-viewport-anim-none dslc-col dslc-6-col dslc-module-handle-like-regular \" data-module-id=\"ab68b8cb53d\" data-module=\"DSLC_Text_Simple\" data-dslc-module-size=\"6\" data-dslc-anim=\"none\" data-dslc-anim-delay=\"\" data-dslc-anim-duration=\"650\" data-dslc-anim-easing=\"ease\" data-dslc-preset=\"none\"><div class=\"dslc-text-module-content\"><h3>Contact<\/h3><\/div><\/div><p><!-- .dslc-module --><\/p><div id=\"dslc-module-de45c58ea96\" class=\"dslc-module-front dslc-module-DSLC_Text_Simple dslc-in-viewport-check dslc-in-viewport-anim-none dslc-col dslc-6-col dslc-last-col dslc-module-handle-like-regular \" data-module-id=\"de45c58ea96\" data-module=\"DSLC_Text_Simple\" data-dslc-module-size=\"6\" data-dslc-anim=\"none\" data-dslc-anim-delay=\"\" data-dslc-anim-duration=\"650\" data-dslc-anim-easing=\"ease\" data-dslc-preset=\"none\"><div class=\"dslc-text-module-content\"><h3><strong>Formulaire de contact<\/strong><\/h3><\/div><\/div><p><!-- .dslc-module --><\/p><div id=\"dslc-module-979df46ca2c\" class=\"dslc-module-front dslc-module-DSLC_Text_Simple dslc-in-viewport-check dslc-in-viewport-anim-none dslc-col dslc-6-col dslc-module-handle-like-regular \" data-module-id=\"979df46ca2c\" data-module=\"DSLC_Text_Simple\" data-dslc-module-size=\"6\" data-dslc-anim=\"none\" data-dslc-anim-delay=\"\" data-dslc-anim-duration=\"650\" data-dslc-anim-easing=\"ease\" data-dslc-preset=\"none\"><div class=\"dslc-text-module-content\"><p><strong>Adresse professionnelle :<\/strong><br \/>SGGC GmbH<br \/>Carlstr50 (CMC B\u00e2timent)<br \/>D-52531 \u00dcbach-Palenberg<br \/>Allemagne<\/p><p>T\u00e9l\u00e9phone : +49 2451 99483 0<br \/>Fax : +49 2451 99483 99<\/p><p><a href=\"mailto:info@sggc.com\">info@sggc.com<\/a><br \/><a href=\"http:\/\/www.sggc.com\/\">www.sggc.com<\/a><\/p><p><strong>Personnes de contact :<\/strong><\/p><p>Dipl.-Ing. Harald Prang<br \/>G\u00e9rant<br \/><a href=\"mailto:h.prang@sgg-consulting.com\">h.prang@sgg-consulting.com<\/a><br \/>T\u00e9l. : +49 2451 99483 0<\/p><p>Dr. Arjen Steiner<br \/>G\u00e9rant<br \/><a href=\"mailto:a.steiner@sgg-consulting.com\">a.steiner@sgg-consulting.com<\/a><br \/>T\u00e9l. : +49 2451 99483 0<\/p><\/div><\/div><div id=\"dslc-module-c52a87085fa\" class=\"dslc-module-front dslc-module-DSLC_Shortcode dslc-in-viewport-check dslc-in-viewport-anim-none dslc-col dslc-6-col dslc-last-col dslc-module-handle-like-regular \" data-module-id=\"c52a87085fa\" data-module=\"DSLC_Shortcode\" data-dslc-module-size=\"6\" data-dslc-anim=\"none\" data-dslc-anim-delay=\"\" data-dslc-anim-duration=\"650\" data-dslc-anim-easing=\"ease\" data-dslc-preset=\"none\">\u00a0<\/div><p><!-- .dslc-module --><\/p><\/div><\/div><\/div><\/div><\/div>\t\t\t\t\t\t\t\t<\/div>\n\t\t\t\t<\/div>\n\t\t\t\t\t<\/div>\n\t\t<\/div>\n\t\t\t\t\t<\/div>\n\t\t<\/section>\n\t\t\t\t<\/div>\n\t\t","protected":false},"excerpt":{"rendered":"<p>Contact Formulaire de contact Adresse professionnelle :SGGC GmbHCarlstr50 (CMC B\u00e2timent)D-52531 \u00dcbach-PalenbergAllemagne T\u00e9l\u00e9phone : +49 2451 99483 0Fax : +49 2451 99483 99 info@sggc.comwww.sggc.com Personnes de contact : Dipl.-Ing. Harald PrangG\u00e9ranth.prang@sgg-consulting.comT\u00e9l. : +49 2451 99483 0 Dr. Arjen SteinerG\u00e9ranta.steiner@sgg-consulting.comT\u00e9l. : +49 2451 99483 0 \u00a0<\/p>\n","protected":false},"author":1,"featured_media":0,"parent":0,"menu_order":0,"comment_status":"closed","ping_status":"closed","template":"","meta":{"footnotes":""},"class_list":["post-344","page","type-page","status-publish","hentry"],"_links":{"self":[{"href":"https:\/\/sggc.com\/fr\/wp-json\/wp\/v2\/pages\/344","targetHints":{"allow":["GET"]}}],"collection":[{"href":"https:\/\/sggc.com\/fr\/wp-json\/wp\/v2\/pages"}],"about":[{"href":"https:\/\/sggc.com\/fr\/wp-json\/wp\/v2\/types\/page"}],"author":[{"embeddable":true,"href":"https:\/\/sggc.com\/fr\/wp-json\/wp\/v2\/users\/1"}],"replies":[{"embeddable":true,"href":"https:\/\/sggc.com\/fr\/wp-json\/wp\/v2\/comments?post=344"}],"version-history":[{"count":18,"href":"https:\/\/sggc.com\/fr\/wp-json\/wp\/v2\/pages\/344\/revisions"}],"predecessor-version":[{"id":642,"href":"https:\/\/sggc.com\/fr\/wp-json\/wp\/v2\/pages\/344\/revisions\/642"}],"wp:attachment":[{"href":"https:\/\/sggc.com\/fr\/wp-json\/wp\/v2\/media?parent=344"}],"curies":[{"name":"wp","href":"https:\/\/api.w.org\/{rel}","templated":true}]}}