{"id":477,"date":"2020-05-13T10:46:36","date_gmt":"2020-05-13T08:46:36","guid":{"rendered":"https:\/\/sgg-consulting.com\/fr\/?page_id=477"},"modified":"2022-12-25T10:13:01","modified_gmt":"2022-12-25T09:13:01","slug":"about-us","status":"publish","type":"page","link":"https:\/\/sggc.com\/fr\/about-us\/","title":{"rendered":"About us"},"content":{"rendered":"\t\t<div data-elementor-type=\"wp-page\" data-elementor-id=\"477\" class=\"elementor elementor-477\">\n\t\t\t\t\t\t<section class=\"elementor-section elementor-top-section elementor-element elementor-element-3044243 elementor-hidden-phone elementor-section-boxed elementor-section-height-default elementor-section-height-default\" data-id=\"3044243\" data-element_type=\"section\" data-e-type=\"section\">\n\t\t\t\t\t\t<div class=\"elementor-container elementor-column-gap-default\">\n\t\t\t\t\t<div class=\"elementor-column elementor-col-50 elementor-top-column elementor-element elementor-element-d3668f3\" data-id=\"d3668f3\" data-element_type=\"column\" data-e-type=\"column\" data-settings=\"{&quot;background_background&quot;:&quot;classic&quot;}\">\n\t\t\t<div class=\"elementor-widget-wrap elementor-element-populated\">\n\t\t\t\t\t\t<div class=\"elementor-element elementor-element-4f72226 elementor-widget elementor-widget-image\" data-id=\"4f72226\" data-element_type=\"widget\" data-e-type=\"widget\" data-widget_type=\"image.default\">\n\t\t\t\t<div class=\"elementor-widget-container\">\n\t\t\t\t\t\t\t\t\t\t\t\t\t\t\t<img fetchpriority=\"high\" decoding=\"async\" width=\"1024\" height=\"335\" src=\"https:\/\/sggc.com\/fr\/wp-content\/uploads\/sites\/7\/2019\/06\/SGGClogo-1024x335.png\" class=\"attachment-large size-large wp-image-304\" alt=\"\" srcset=\"https:\/\/sggc.com\/fr\/wp-content\/uploads\/sites\/7\/2019\/06\/SGGClogo-1024x335.png 1024w, https:\/\/sggc.com\/fr\/wp-content\/uploads\/sites\/7\/2019\/06\/SGGClogo-300x98.png 300w, https:\/\/sggc.com\/fr\/wp-content\/uploads\/sites\/7\/2019\/06\/SGGClogo-768x251.png 768w\" sizes=\"(max-width: 1024px) 100vw, 1024px\" \/>\t\t\t\t\t\t\t\t\t\t\t\t\t\t\t<\/div>\n\t\t\t\t<\/div>\n\t\t\t\t\t<\/div>\n\t\t<\/div>\n\t\t\t\t<div class=\"elementor-column elementor-col-50 elementor-top-column elementor-element elementor-element-a8c43e9\" data-id=\"a8c43e9\" data-element_type=\"column\" data-e-type=\"column\" data-settings=\"{&quot;background_background&quot;:&quot;classic&quot;}\">\n\t\t\t<div class=\"elementor-widget-wrap elementor-element-populated\">\n\t\t\t\t\t\t<div class=\"elementor-element elementor-element-77d6cce elementor-widget elementor-widget-heading\" data-id=\"77d6cce\" data-element_type=\"widget\" data-e-type=\"widget\" data-widget_type=\"heading.default\">\n\t\t\t\t<div class=\"elementor-widget-container\">\n\t\t\t\t\t<h2 class=\"elementor-heading-title elementor-size-default\">\u00c0 propos de nous<\/h2>\t\t\t\t<\/div>\n\t\t\t\t<\/div>\n\t\t\t\t<div class=\"elementor-element elementor-element-efa69df elementor-widget elementor-widget-heading\" data-id=\"efa69df\" data-element_type=\"widget\" data-e-type=\"widget\" data-widget_type=\"heading.default\">\n\t\t\t\t<div class=\"elementor-widget-container\">\n\t\t\t\t\t<h4 class=\"elementor-heading-title elementor-size-default\">Nous d\u00e9veloppons des applications sp\u00e9ciales en fonction de vos souhaits<\/h4>\t\t\t\t<\/div>\n\t\t\t\t<\/div>\n\t\t\t\t<div class=\"elementor-element elementor-element-a076656 elementor-widget elementor-widget-text-editor\" data-id=\"a076656\" data-element_type=\"widget\" data-e-type=\"widget\" data-widget_type=\"text-editor.default\">\n\t\t\t\t<div class=\"elementor-widget-container\">\n\t\t\t\t\t\t\t\t\t<p>Nous sommes une \u00e9quipe d&rsquo;ing\u00e9nieurs et de techniciens ayant de nombreuses ann\u00e9es d&rsquo;exp\u00e9rience dans la pr\u00e9paration des mati\u00e8res premi\u00e8res, l&rsquo;ing\u00e9nierie des installations et la production de verre. En collaboration avec nos fournisseurs de syst\u00e8mes qualifi\u00e9s, nous r\u00e9alisons des projets internationaux.<\/p>\t\t\t\t\t\t\t\t<\/div>\n\t\t\t\t<\/div>\n\t\t\t\t\t<\/div>\n\t\t<\/div>\n\t\t\t\t\t<\/div>\n\t\t<\/section>\n\t\t\t\t<section class=\"elementor-section elementor-top-section elementor-element elementor-element-9487eb3 elementor-hidden-phone elementor-section-boxed elementor-section-height-default elementor-section-height-default\" data-id=\"9487eb3\" data-element_type=\"section\" data-e-type=\"section\">\n\t\t\t\t\t\t<div class=\"elementor-container elementor-column-gap-default\">\n\t\t\t\t\t<div class=\"elementor-column elementor-col-50 elementor-top-column elementor-element elementor-element-2d2c94e\" data-id=\"2d2c94e\" data-element_type=\"column\" data-e-type=\"column\" data-settings=\"{&quot;background_background&quot;:&quot;classic&quot;}\">\n\t\t\t<div class=\"elementor-widget-wrap elementor-element-populated\">\n\t\t\t\t\t\t<div class=\"elementor-element elementor-element-eb1552f elementor-widget elementor-widget-heading\" data-id=\"eb1552f\" data-element_type=\"widget\" data-e-type=\"widget\" data-widget_type=\"heading.default\">\n\t\t\t\t<div class=\"elementor-widget-container\">\n\t\t\t\t\t<h2 class=\"elementor-heading-title elementor-size-default\">Notre profil<\/h2>\t\t\t\t<\/div>\n\t\t\t\t<\/div>\n\t\t\t\t<div class=\"elementor-element elementor-element-a1b590c elementor-widget elementor-widget-heading\" data-id=\"a1b590c\" data-element_type=\"widget\" data-e-type=\"widget\" data-widget_type=\"heading.default\">\n\t\t\t\t<div class=\"elementor-widget-container\">\n\t\t\t\t\t<h4 class=\"elementor-heading-title elementor-size-default\">Nous d\u00e9veloppons et fournissons des installations compl\u00e8tes pour la production de divers produits en verre-mousse (verre expans\u00e9)<\/h4>\t\t\t\t<\/div>\n\t\t\t\t<\/div>\n\t\t\t\t<div class=\"elementor-element elementor-element-eacd614 elementor-widget elementor-widget-text-editor\" data-id=\"eacd614\" data-element_type=\"widget\" data-e-type=\"widget\" data-widget_type=\"text-editor.default\">\n\t\t\t\t<div class=\"elementor-widget-container\">\n\t\t\t\t\t\t\t\t\t<p><strong>Schaumglas Global Consulting GmbH<\/strong> est sp\u00e9cialis\u00e9e dans le d\u00e9veloppement et la fourniture d&rsquo;installations compl\u00e8tes pour la fabrication d&rsquo;une grande vari\u00e9t\u00e9 de produits en verre-mousse (verre expans\u00e9). Il s&rsquo;agit notamment de ballast, de dalles et de produits sp\u00e9ciaux pour la construction de b\u00e2timents.<\/p><ul><li>Fourniture d&rsquo;installations compl\u00e8tes pour la production de ballast en verre-mousse (verre expans\u00e9) par voie humide et par voie s\u00e8che<\/li><li>Fourniture d&rsquo;installations compl\u00e8tes pour la production de feuilles de verre-mousse (verre expans\u00e9) selon le proc\u00e9d\u00e9 en ligne<\/li><li>Fourniture d&rsquo;installations compl\u00e8tes pour la production de produits en verre-mousse (verre expans\u00e9) pour la construction de b\u00e2timents<\/li><li>D\u00e9veloppement d&rsquo;applications sp\u00e9ciales selon les besoins du client<\/li><li>Fourniture de consommables et de mati\u00e8res premi\u00e8res pour la production<\/li><li>Service apr\u00e8s-vente pour l&rsquo;entretien, la formation des employ\u00e9s et l&rsquo;optimisation des processus<\/li><li>Soutien et conseils pour l&rsquo;approvisionnement et la pr\u00e9paration des mati\u00e8res premi\u00e8res<\/li><li>Pr\u00e9paration d&rsquo;\u00e9tudes de faisabilit\u00e9 et de plans d&rsquo;affaires<\/li><\/ul>\t\t\t\t\t\t\t\t<\/div>\n\t\t\t\t<\/div>\n\t\t\t\t\t<\/div>\n\t\t<\/div>\n\t\t\t\t<div class=\"elementor-column elementor-col-50 elementor-top-column elementor-element elementor-element-aec2389\" data-id=\"aec2389\" data-element_type=\"column\" data-e-type=\"column\" data-settings=\"{&quot;background_background&quot;:&quot;classic&quot;}\">\n\t\t\t<div class=\"elementor-widget-wrap elementor-element-populated\">\n\t\t\t\t\t\t<div class=\"elementor-element elementor-element-1efe5da elementor-widget elementor-widget-heading\" data-id=\"1efe5da\" data-element_type=\"widget\" data-e-type=\"widget\" data-widget_type=\"heading.default\">\n\t\t\t\t<div class=\"elementor-widget-container\">\n\t\t\t\t\t<h2 class=\"elementor-heading-title elementor-size-default\">Historique de la soci\u00e9t\u00e9<\/h2>\t\t\t\t<\/div>\n\t\t\t\t<\/div>\n\t\t\t\t<div class=\"elementor-element elementor-element-c39afce elementor-widget elementor-widget-heading\" data-id=\"c39afce\" data-element_type=\"widget\" data-e-type=\"widget\" data-widget_type=\"heading.default\">\n\t\t\t\t<div class=\"elementor-widget-container\">\n\t\t\t\t\t<h4 class=\"elementor-heading-title elementor-size-default\">Schaumglas Global Consulting GmbH<\/h4>\t\t\t\t<\/div>\n\t\t\t\t<\/div>\n\t\t\t\t<div class=\"elementor-element elementor-element-941c0e9 elementor-widget elementor-widget-text-editor\" data-id=\"941c0e9\" data-element_type=\"widget\" data-e-type=\"widget\" data-widget_type=\"text-editor.default\">\n\t\t\t\t<div class=\"elementor-widget-container\">\n\t\t\t\t\t\t\t\t\t<p><strong>Schaumglas Global Consulting GmbH<\/strong>, fond\u00e9e en 2007 par des sp\u00e9cialistes de la production et de la transformation du verre, peut aujourd&rsquo;hui s&rsquo;enorgueillir de plus de 10 ans de d\u00e9veloppement r\u00e9ussi de l&rsquo;entreprise. Au cours de cette p\u00e9riode, non seulement de nombreuses installations ont \u00e9t\u00e9 fournies en Allemagne, en Autriche, en Russie et aux \u00c9tats-Unis, mais la technologie et le savoir-faire relatifs aux produits de ballast en verre-mousse (verre expans\u00e9) ont \u00e9galement \u00e9t\u00e9 d\u00e9velopp\u00e9s de mani\u00e8re continue et avec succ\u00e8s. Nous sommes l&rsquo;une des rares entreprises actives au niveau mondial \u00e0 pouvoir mettre en \u0153uvre des projets cl\u00e9s en main pour un large \u00e9ventail d&rsquo;applications de verre-mousse (verre expans\u00e9). De l&rsquo;id\u00e9e \u00e0 l&rsquo;\u00e9tude de faisabilit\u00e9, en passant par le plan d&rsquo;affaires, la livraison et la mise en service, nos clients re\u00e7oivent tout d&rsquo;une seule source<\/p>\t\t\t\t\t\t\t\t<\/div>\n\t\t\t\t<\/div>\n\t\t\t\t\t<\/div>\n\t\t<\/div>\n\t\t\t\t\t<\/div>\n\t\t<\/section>\n\t\t\t\t<section class=\"elementor-section elementor-top-section elementor-element elementor-element-fb24df3 elementor-hidden-desktop elementor-hidden-tablet elementor-section-boxed elementor-section-height-default elementor-section-height-default\" data-id=\"fb24df3\" data-element_type=\"section\" data-e-type=\"section\">\n\t\t\t\t\t\t<div class=\"elementor-container elementor-column-gap-default\">\n\t\t\t\t\t<div class=\"elementor-column elementor-col-50 elementor-top-column elementor-element elementor-element-32dcd67\" data-id=\"32dcd67\" data-element_type=\"column\" data-e-type=\"column\" data-settings=\"{&quot;background_background&quot;:&quot;classic&quot;}\">\n\t\t\t<div class=\"elementor-widget-wrap elementor-element-populated\">\n\t\t\t\t\t\t<div class=\"elementor-element elementor-element-23572bd elementor-widget elementor-widget-image\" data-id=\"23572bd\" data-element_type=\"widget\" data-e-type=\"widget\" data-widget_type=\"image.default\">\n\t\t\t\t<div class=\"elementor-widget-container\">\n\t\t\t\t\t\t\t\t\t\t\t\t\t\t\t<img fetchpriority=\"high\" decoding=\"async\" width=\"1024\" height=\"335\" src=\"https:\/\/sggc.com\/fr\/wp-content\/uploads\/sites\/7\/2019\/06\/SGGClogo-1024x335.png\" class=\"attachment-large size-large wp-image-304\" alt=\"\" srcset=\"https:\/\/sggc.com\/fr\/wp-content\/uploads\/sites\/7\/2019\/06\/SGGClogo-1024x335.png 1024w, https:\/\/sggc.com\/fr\/wp-content\/uploads\/sites\/7\/2019\/06\/SGGClogo-300x98.png 300w, https:\/\/sggc.com\/fr\/wp-content\/uploads\/sites\/7\/2019\/06\/SGGClogo-768x251.png 768w\" sizes=\"(max-width: 1024px) 100vw, 1024px\" \/>\t\t\t\t\t\t\t\t\t\t\t\t\t\t\t<\/div>\n\t\t\t\t<\/div>\n\t\t\t\t\t<\/div>\n\t\t<\/div>\n\t\t\t\t<div class=\"elementor-column elementor-col-50 elementor-top-column elementor-element elementor-element-d11b778\" data-id=\"d11b778\" data-element_type=\"column\" data-e-type=\"column\" data-settings=\"{&quot;background_background&quot;:&quot;classic&quot;}\">\n\t\t\t<div class=\"elementor-widget-wrap elementor-element-populated\">\n\t\t\t\t\t\t<div class=\"elementor-element elementor-element-a9fc1eb elementor-widget elementor-widget-heading\" data-id=\"a9fc1eb\" data-element_type=\"widget\" data-e-type=\"widget\" data-widget_type=\"heading.default\">\n\t\t\t\t<div class=\"elementor-widget-container\">\n\t\t\t\t\t<h2 class=\"elementor-heading-title elementor-size-default\">About us<\/h2>\t\t\t\t<\/div>\n\t\t\t\t<\/div>\n\t\t\t\t<div class=\"elementor-element elementor-element-5a0eb44 elementor-widget elementor-widget-heading\" data-id=\"5a0eb44\" data-element_type=\"widget\" data-e-type=\"widget\" data-widget_type=\"heading.default\">\n\t\t\t\t<div class=\"elementor-widget-container\">\n\t\t\t\t\t<h4 class=\"elementor-heading-title elementor-size-default\">We design specific solutions according to your needs<\/h4>\t\t\t\t<\/div>\n\t\t\t\t<\/div>\n\t\t\t\t<div class=\"elementor-element elementor-element-ffb7981 elementor-widget elementor-widget-text-editor\" data-id=\"ffb7981\" data-element_type=\"widget\" data-e-type=\"widget\" data-widget_type=\"text-editor.default\">\n\t\t\t\t<div class=\"elementor-widget-container\">\n\t\t\t\t\t\t\t\t\t<p><span lang=\"en-US\">We are a team of engineers and technicians with a broad experience in raw material processing, plant engineering and realization and glass production. Together with our qualified and well-known system\u00a0<\/span><span lang=\"en-US\">sub\u00a0suppliers we realize\u00a0international projects.<\/span><\/p>\t\t\t\t\t\t\t\t<\/div>\n\t\t\t\t<\/div>\n\t\t\t\t\t<\/div>\n\t\t<\/div>\n\t\t\t\t\t<\/div>\n\t\t<\/section>\n\t\t\t\t<section class=\"elementor-section elementor-top-section elementor-element elementor-element-1b0dff9 elementor-hidden-desktop elementor-hidden-tablet elementor-section-boxed elementor-section-height-default elementor-section-height-default\" data-id=\"1b0dff9\" data-element_type=\"section\" data-e-type=\"section\">\n\t\t\t\t\t\t<div class=\"elementor-container elementor-column-gap-default\">\n\t\t\t\t\t<div class=\"elementor-column elementor-col-50 elementor-top-column elementor-element elementor-element-9abf5d9\" data-id=\"9abf5d9\" data-element_type=\"column\" data-e-type=\"column\" data-settings=\"{&quot;background_background&quot;:&quot;classic&quot;}\">\n\t\t\t<div class=\"elementor-widget-wrap elementor-element-populated\">\n\t\t\t\t\t\t<div class=\"elementor-element elementor-element-be50547 elementor-widget elementor-widget-heading\" data-id=\"be50547\" data-element_type=\"widget\" data-e-type=\"widget\" data-widget_type=\"heading.default\">\n\t\t\t\t<div class=\"elementor-widget-container\">\n\t\t\t\t\t<h2 class=\"elementor-heading-title elementor-size-default\">Our profile<\/h2>\t\t\t\t<\/div>\n\t\t\t\t<\/div>\n\t\t\t\t<div class=\"elementor-element elementor-element-ee16dd9 elementor-widget elementor-widget-heading\" data-id=\"ee16dd9\" data-element_type=\"widget\" data-e-type=\"widget\" data-widget_type=\"heading.default\">\n\t\t\t\t<div class=\"elementor-widget-container\">\n\t\t\t\t\t<h4 class=\"elementor-heading-title elementor-size-default\">We develop and deliver complete plants for the production of various foam glass products<\/h4>\t\t\t\t<\/div>\n\t\t\t\t<\/div>\n\t\t\t\t<div class=\"elementor-element elementor-element-798f365 elementor-widget elementor-widget-text-editor\" data-id=\"798f365\" data-element_type=\"widget\" data-e-type=\"widget\" data-widget_type=\"text-editor.default\">\n\t\t\t\t<div class=\"elementor-widget-container\">\n\t\t\t\t\t\t\t\t\t<p>The\u00a0<strong>Schaumglas Global Consulting GmbH<\/strong>\u00a0is specialized in the development and supply of complete systems for the production of a wide variety of foam glass products. These include gravel, slabs and special products for building construction.<\/p><ul><li>Delivery of complete plants for the production of foam glass gravel both by the wet process and after the dry process<\/li><li>Delivery of complete systems for the production of foam glass plates in the online process<\/li><li>Delivery of complete systems for the production of foam glass products for building construction<\/li><li>Development of special applications according to customer requirements<\/li><li>Supply of consumables and raw materials for production<\/li><li>After-sales service for maintenance, employee training and process optimization<\/li><li>Support and advice on the procurement and processing of raw materials<\/li><li>Preparation of feasibility studies and business plans<\/li><\/ul>\t\t\t\t\t\t\t\t<\/div>\n\t\t\t\t<\/div>\n\t\t\t\t\t<\/div>\n\t\t<\/div>\n\t\t\t\t<div class=\"elementor-column elementor-col-50 elementor-top-column elementor-element elementor-element-a612126\" data-id=\"a612126\" data-element_type=\"column\" data-e-type=\"column\" data-settings=\"{&quot;background_background&quot;:&quot;classic&quot;}\">\n\t\t\t<div class=\"elementor-widget-wrap elementor-element-populated\">\n\t\t\t\t\t\t<div class=\"elementor-element elementor-element-0d8059a elementor-widget elementor-widget-heading\" data-id=\"0d8059a\" data-element_type=\"widget\" data-e-type=\"widget\" data-widget_type=\"heading.default\">\n\t\t\t\t<div class=\"elementor-widget-container\">\n\t\t\t\t\t<h2 class=\"elementor-heading-title elementor-size-default\">History<\/h2>\t\t\t\t<\/div>\n\t\t\t\t<\/div>\n\t\t\t\t<div class=\"elementor-element elementor-element-9d17366 elementor-widget elementor-widget-heading\" data-id=\"9d17366\" data-element_type=\"widget\" data-e-type=\"widget\" data-widget_type=\"heading.default\">\n\t\t\t\t<div class=\"elementor-widget-container\">\n\t\t\t\t\t<h4 class=\"elementor-heading-title elementor-size-default\">of Schaumglas Global Consulting GmbH<\/h4>\t\t\t\t<\/div>\n\t\t\t\t<\/div>\n\t\t\t\t<div class=\"elementor-element elementor-element-9192520 elementor-widget elementor-widget-text-editor\" data-id=\"9192520\" data-element_type=\"widget\" data-e-type=\"widget\" data-widget_type=\"text-editor.default\">\n\t\t\t\t<div class=\"elementor-widget-container\">\n\t\t\t\t\t\t\t\t\t<p>The\u00a0<strong>Schaumglas Global Consulting GmbH<\/strong>\u00a0,founded in 2007 by specialists in the field of glass production and processing, it can proudly look back on over 10 years of successful corporate development. During this time not only numerous plants in Germany, Austria, Russia and the USA were delivered, but the technology and the know-how around foam glass gravel products was continuously and successfully developed further. We are one of the few global companies that can realize turnkey projects for a wide variety of foam glass applications. Starting from the idea through the feasibility study including business plan to delivery and commissioning, our customers receive everything from one source.<\/p>\t\t\t\t\t\t\t\t<\/div>\n\t\t\t\t<\/div>\n\t\t\t\t\t<\/div>\n\t\t<\/div>\n\t\t\t\t\t<\/div>\n\t\t<\/section>\n\t\t\t\t<\/div>\n\t\t","protected":false},"excerpt":{"rendered":"<p>\u00c0 propos de nous Nous d\u00e9veloppons des applications sp\u00e9ciales en fonction de vos souhaits Nous sommes une \u00e9quipe d&rsquo;ing\u00e9nieurs et de techniciens ayant de nombreuses ann\u00e9es d&rsquo;exp\u00e9rience dans la pr\u00e9paration des mati\u00e8res premi\u00e8res, l&rsquo;ing\u00e9nierie des installations et la production de verre. En collaboration avec nos fournisseurs de syst\u00e8mes qualifi\u00e9s, nous r\u00e9alisons des projets internationaux. Notre&hellip;<\/p>\n","protected":false},"author":1,"featured_media":0,"parent":0,"menu_order":0,"comment_status":"closed","ping_status":"closed","template":"","meta":{"footnotes":""},"class_list":["post-477","page","type-page","status-publish","hentry"],"_links":{"self":[{"href":"https:\/\/sggc.com\/fr\/wp-json\/wp\/v2\/pages\/477","targetHints":{"allow":["GET"]}}],"collection":[{"href":"https:\/\/sggc.com\/fr\/wp-json\/wp\/v2\/pages"}],"about":[{"href":"https:\/\/sggc.com\/fr\/wp-json\/wp\/v2\/types\/page"}],"author":[{"embeddable":true,"href":"https:\/\/sggc.com\/fr\/wp-json\/wp\/v2\/users\/1"}],"replies":[{"embeddable":true,"href":"https:\/\/sggc.com\/fr\/wp-json\/wp\/v2\/comments?post=477"}],"version-history":[{"count":8,"href":"https:\/\/sggc.com\/fr\/wp-json\/wp\/v2\/pages\/477\/revisions"}],"predecessor-version":[{"id":602,"href":"https:\/\/sggc.com\/fr\/wp-json\/wp\/v2\/pages\/477\/revisions\/602"}],"wp:attachment":[{"href":"https:\/\/sggc.com\/fr\/wp-json\/wp\/v2\/media?parent=477"}],"curies":[{"name":"wp","href":"https:\/\/api.w.org\/{rel}","templated":true}]}}