{"id":504,"date":"2020-05-19T10:32:19","date_gmt":"2020-05-19T08:32:19","guid":{"rendered":"https:\/\/sgg-consulting.com\/fr\/?page_id=504"},"modified":"2021-07-29T17:01:25","modified_gmt":"2021-07-29T15:01:25","slug":"anwendungsmoeglichkeiten","status":"publish","type":"page","link":"https:\/\/sggc.com\/fr\/anwendungsmoeglichkeiten\/","title":{"rendered":"Possible applications"},"content":{"rendered":"\t\t<div data-elementor-type=\"wp-page\" data-elementor-id=\"504\" class=\"elementor elementor-504\">\n\t\t\t\t\t\t<section class=\"elementor-section elementor-top-section elementor-element elementor-element-28d9e88 elementor-section-stretched elementor-section-boxed elementor-section-height-default elementor-section-height-default\" data-id=\"28d9e88\" data-element_type=\"section\" data-e-type=\"section\" data-settings=\"{&quot;stretch_section&quot;:&quot;section-stretched&quot;}\">\n\t\t\t\t\t\t<div class=\"elementor-container elementor-column-gap-default\">\n\t\t\t\t\t<div class=\"elementor-column elementor-col-100 elementor-top-column elementor-element elementor-element-18855ea\" data-id=\"18855ea\" data-element_type=\"column\" data-e-type=\"column\">\n\t\t\t<div class=\"elementor-widget-wrap elementor-element-populated\">\n\t\t\t\t\t\t<div class=\"elementor-element elementor-element-ee0b5fb elementor-tabs-view-horizontal elementor-widget elementor-widget-tabs\" data-id=\"ee0b5fb\" data-element_type=\"widget\" data-e-type=\"widget\" data-widget_type=\"tabs.default\">\n\t\t\t\t<div class=\"elementor-widget-container\">\n\t\t\t\t\t\t\t<div class=\"elementor-tabs\">\n\t\t\t<div class=\"elementor-tabs-wrapper\" role=\"tablist\" >\n\t\t\t\t\t\t\t\t\t<div id=\"elementor-tab-title-2491\" class=\"elementor-tab-title elementor-tab-desktop-title\" aria-selected=\"true\" data-tab=\"1\" role=\"tab\" tabindex=\"0\" aria-controls=\"elementor-tab-content-2491\" aria-expanded=\"false\"><center> G\u00e9n\u00e9ralit\u00e9s<\/div>\n\t\t\t\t\t\t\t\t\t<div id=\"elementor-tab-title-2492\" class=\"elementor-tab-title elementor-tab-desktop-title\" aria-selected=\"false\" data-tab=\"2\" role=\"tab\" tabindex=\"-1\" aria-controls=\"elementor-tab-content-2492\" aria-expanded=\"false\"><center>Sous-structure porteuse<\/div>\n\t\t\t\t\t\t\t\t\t<div id=\"elementor-tab-title-2493\" class=\"elementor-tab-title elementor-tab-desktop-title\" aria-selected=\"false\" data-tab=\"3\" role=\"tab\" tabindex=\"-1\" aria-controls=\"elementor-tab-content-2493\" aria-expanded=\"false\"><center>Joint thermique porteur<\/div>\n\t\t\t\t\t\t\t\t\t<div id=\"elementor-tab-title-2494\" class=\"elementor-tab-title elementor-tab-desktop-title\" aria-selected=\"false\" data-tab=\"4\" role=\"tab\" tabindex=\"-1\" aria-controls=\"elementor-tab-content-2494\" aria-expanded=\"false\"><center>Remblai meuble ou l\u00e9g\u00e8rement compact\u00e9<\/div>\n\t\t\t\t\t\t\t\t\t<div id=\"elementor-tab-title-2495\" class=\"elementor-tab-title elementor-tab-desktop-title\" aria-selected=\"false\" data-tab=\"5\" role=\"tab\" tabindex=\"-1\" aria-controls=\"elementor-tab-content-2495\" aria-expanded=\"false\"><center>Isolation acoustique<\/div>\n\t\t\t\t\t\t\t\t\t<div id=\"elementor-tab-title-2496\" class=\"elementor-tab-title elementor-tab-desktop-title\" aria-selected=\"false\" data-tab=\"6\" role=\"tab\" tabindex=\"-1\" aria-controls=\"elementor-tab-content-2496\" aria-expanded=\"false\"><center>Construction de routes et g\u00e9nie civil <\/div>\n\t\t\t\t\t\t\t<\/div>\n\t\t\t<div class=\"elementor-tabs-content-wrapper\" role=\"tablist\" aria-orientation=\"vertical\">\n\t\t\t\t\t\t\t\t\t<div class=\"elementor-tab-title elementor-tab-mobile-title\" aria-selected=\"true\" data-tab=\"1\" role=\"tab\" tabindex=\"0\" aria-controls=\"elementor-tab-content-2491\" aria-expanded=\"false\"><center> G\u00e9n\u00e9ralit\u00e9s<\/div>\n\t\t\t\t\t<div id=\"elementor-tab-content-2491\" class=\"elementor-tab-content elementor-clearfix\" data-tab=\"1\" role=\"tabpanel\" aria-labelledby=\"elementor-tab-title-2491\" tabindex=\"0\" hidden=\"false\"><p>Nous vous proposons ici un aper\u00e7u des applications possibles du ballast en verre-mousse (verre expans\u00e9).<\/p><p><strong>Logistique \/ Traitement<\/strong><\/p><ul><li><p>L&rsquo;ensemble de l&rsquo;installation est simple et ne n\u00e9cessite aucune mesure de protection particuli\u00e8re.<\/p><\/li><li><p>M\u00eame pendant la mise en place, le SGS (ballast de verre-mousse) peut \u00eatre franchi sans probl\u00e8me par des engins de chantier normaux.<\/p><\/li><li><p>L&rsquo;utilisation d&rsquo;un voile \/ g\u00e9otextile est recommand\u00e9e pour emp\u00eacher les eaux souterraines ou autres liquides de p\u00e9n\u00e9trer dans le remplissage thermique de SGS.<\/p><\/li><\/ul><p>Apr\u00e8s un remplissage en vrac et une r\u00e9partition uniforme de SGS sur la plate-forme, le SGS est imbriqu\u00e9 dans la structure granulaire par le processus de compactage.<\/p><p><strong>Applications pour une granulom\u00e9trie standard (10-60 mm)\u00a0<\/strong><\/p><p style=\"text-align: left;\"><span style=\"color: #1e4d8e;\">\u00a0<\/span><\/p><p style=\"text-align: left;\"><span style=\"color: #1e4d8e;\">Excavation et pr\u00e9paration du sol<\/span><\/p><p>\u00a0<img decoding=\"async\" class=\"alignnone wp-image-605\" src=\"https:\/\/sggc.com\/wp-content\/uploads\/2020\/05\/anwend41.jpg\" alt=\"\" width=\"246\" height=\"183\" \/> <img decoding=\"async\" class=\"alignnone size-full wp-image-606\" src=\"https:\/\/sggc.com\/wp-content\/uploads\/2020\/05\/anwend3.jpg\" alt=\"\" width=\"255\" height=\"183\" \/><\/p><p><span style=\"color: #1e4d8e;\">\u00a0<\/span><\/p><p><span style=\"color: #1e4d8e;\">Apporter et distribuer le lest en verre mousse<\/span><\/p><p><img decoding=\"async\" class=\"alignnone wp-image-291\" src=\"https:\/\/sggc.com\/wp-content\/uploads\/2019\/06\/anwend51-380x300_c-300x237.jpg\" alt=\"\" width=\"246\" height=\"194\" srcset=\"https:\/\/sggc.com\/fr\/wp-content\/uploads\/sites\/7\/2019\/06\/anwend51-380x300_c-300x237.jpg 300w, https:\/\/sggc.com\/fr\/wp-content\/uploads\/sites\/7\/2019\/06\/anwend51-380x300_c.jpg 380w\" sizes=\"(max-width: 246px) 100vw, 246px\" \/> <img loading=\"lazy\" decoding=\"async\" class=\"alignnone wp-image-292\" src=\"https:\/\/sggc.com\/wp-content\/uploads\/2019\/06\/anwend61-380x300_c-300x237.jpg\" alt=\"\" width=\"246\" height=\"194\" srcset=\"https:\/\/sggc.com\/fr\/wp-content\/uploads\/sites\/7\/2019\/06\/anwend61-380x300_c-300x237.jpg 300w, https:\/\/sggc.com\/fr\/wp-content\/uploads\/sites\/7\/2019\/06\/anwend61-380x300_c.jpg 380w\" sizes=\"(max-width: 246px) 100vw, 246px\" \/><\/p><p><span style=\"color: #1e4d8e;\">\u00a0<\/span><\/p><p><span style=\"color: #1e4d8e;\">Processus de compactage et v\u00e9rification de la zone<\/span><\/p><p><img loading=\"lazy\" decoding=\"async\" class=\"alignnone wp-image-293\" src=\"https:\/\/sggc.com\/wp-content\/uploads\/2019\/06\/anwend8-380x300_c-300x237.jpg\" alt=\"\" width=\"246\" height=\"194\" srcset=\"https:\/\/sggc.com\/fr\/wp-content\/uploads\/sites\/7\/2019\/06\/anwend8-380x300_c-300x237.jpg 300w, https:\/\/sggc.com\/fr\/wp-content\/uploads\/sites\/7\/2019\/06\/anwend8-380x300_c.jpg 380w\" sizes=\"(max-width: 246px) 100vw, 246px\" \/> <img loading=\"lazy\" decoding=\"async\" class=\"alignnone wp-image-294\" src=\"https:\/\/sggc.com\/wp-content\/uploads\/2019\/06\/anwend7-380x300_c-300x237.jpg\" alt=\"\" width=\"247\" height=\"195\" srcset=\"https:\/\/sggc.com\/fr\/wp-content\/uploads\/sites\/7\/2019\/06\/anwend7-380x300_c-300x237.jpg 300w, https:\/\/sggc.com\/fr\/wp-content\/uploads\/sites\/7\/2019\/06\/anwend7-380x300_c.jpg 380w\" sizes=\"(max-width: 247px) 100vw, 247px\" \/>&amp;<\/p><\/div>\n\t\t\t\t\t\t\t\t\t<div class=\"elementor-tab-title elementor-tab-mobile-title\" aria-selected=\"false\" data-tab=\"2\" role=\"tab\" tabindex=\"-1\" aria-controls=\"elementor-tab-content-2492\" aria-expanded=\"false\"><center>Sous-structure porteuse<\/div>\n\t\t\t\t\t<div id=\"elementor-tab-content-2492\" class=\"elementor-tab-content elementor-clearfix\" data-tab=\"2\" role=\"tabpanel\" aria-labelledby=\"elementor-tab-title-2492\" tabindex=\"0\" hidden=\"hidden\"><p><span style=\"color: #1e4d8e;\">Rapport de compactage = 1,3:1 <br \/>Le crit\u00e8re le plus important ici est la capacit\u00e9 de compactage \u00e9lev\u00e9e combin\u00e9e \u00e0 une r\u00e9sistance \u00e0 la compression \u00e9lev\u00e9e. L&rsquo;effet d&rsquo;isolation, repr\u00e9sent\u00e9 par la valeur lambda (valeur de transfert thermique), ne joue ici qu&rsquo;un r\u00f4le secondaire.<\/span><\/p><p><strong>Domaines d&rsquo;application :<\/strong><\/p><ul><li>Construction des fondations<\/li><li>Sous-structure sur un substrat peu porteur (par exemple, r\u00e9gions mar\u00e9cageuses)<\/li><li>Construction de routes<\/li><li>Terrains de sport, courts de tennis, centres \u00e9questres<\/li><li>Construction de la voie<\/li><\/ul><p><strong>Avantages :<\/strong><\/p><ul><li>protection contre le gel<\/li><li>capacit\u00e9 de charge adaptable dynamiquement<\/li><li>r\u00e9sistant aux changements de charge importants<\/li><li>vie utile illimit\u00e9e<\/li><li>effet drainant<\/li><li>surface l\u00e9g\u00e8rement \u00e9lastique souhait\u00e9e pour les installations sportives<\/li><\/ul><\/div>\n\t\t\t\t\t\t\t\t\t<div class=\"elementor-tab-title elementor-tab-mobile-title\" aria-selected=\"false\" data-tab=\"3\" role=\"tab\" tabindex=\"-1\" aria-controls=\"elementor-tab-content-2493\" aria-expanded=\"false\"><center>Joint thermique porteur<\/div>\n\t\t\t\t\t<div id=\"elementor-tab-content-2493\" class=\"elementor-tab-content elementor-clearfix\" data-tab=\"3\" role=\"tabpanel\" aria-labelledby=\"elementor-tab-title-2493\" tabindex=\"0\" hidden=\"hidden\"><p><span style=\"color: #1e4d8e;\">Il en r\u00e9sulte une excellente capacit\u00e9 de charge et d&rsquo;isolation thermique pour un taux de compactage de 1,3:1.<\/span><\/p><p><strong>Domaines d&rsquo;application :<\/strong><\/p><ul><li>Maisons unifamiliales\/multiples, maisons \u00e0 faible consommation d&rsquo;\u00e9nergie, v\u00e9randas<\/li><li>Amorce de salle, ateliers, \u00e9coles, gymnases<\/li><li>Patinoires artificielles, salles de natation \/ piscines<\/li><li>garages souterrains accessibles, toits accessibles et carrossables<\/li><li>Parkings \u00e0 \u00e9tages<\/li><\/ul><p><strong>Avantages :<\/strong><\/p><ul><li>facile \u00e0 traiter sans substances suppl\u00e9mentaires<\/li><li>L&rsquo;installation est ind\u00e9pendante des conditions m\u00e9t\u00e9orologiques<\/li><li>aucun travail d&rsquo;ajustement pour les inserts et les coins<\/li><li>un temps de construction r\u00e9duit<\/li><li>drainable, rupture capillaire<\/li><li>haute r\u00e9sistance \u00e0 la compression<\/li><li>une technique d&rsquo;installation simple et rentable<\/li><li>Les op\u00e9rations telles que le nivellement de l&rsquo;excavation, l&rsquo;installation de ballast \/ gravier et la planification du sable fin jusqu&rsquo;\u00e0 la dalle de b\u00e9ton maigre peuvent \u00eatre omises<\/li><li>\u00c9conomie de temps de travail sur le chantier<\/li><\/ul><\/div>\n\t\t\t\t\t\t\t\t\t<div class=\"elementor-tab-title elementor-tab-mobile-title\" aria-selected=\"false\" data-tab=\"4\" role=\"tab\" tabindex=\"-1\" aria-controls=\"elementor-tab-content-2494\" aria-expanded=\"false\"><center>Remblai meuble ou l\u00e9g\u00e8rement compact\u00e9<\/div>\n\t\t\t\t\t<div id=\"elementor-tab-content-2494\" class=\"elementor-tab-content elementor-clearfix\" data-tab=\"4\" role=\"tabpanel\" aria-labelledby=\"elementor-tab-title-2494\" tabindex=\"0\" hidden=\"hidden\"><p><strong>Domaines d&rsquo;application :<\/strong><\/p><ul><li>Isolation d&rsquo;un toit plat sur une dalle de b\u00e9ton (toit invers\u00e9)<\/li><li>Couvertures de tunnels<\/li><li>Remblayage des b\u00e2timents (isolation p\u00e9riph\u00e9rique)<\/li><li>Construction GaLa (jardinage et am\u00e9nagement paysager)<\/li><li>Isolation des toits plats avec v\u00e9g\u00e9talisation extensive<\/li><li>Isolation des toits plats avec v\u00e9g\u00e9talisation intensive<\/li><li>Mod\u00e9lisation du terrain<\/li><li>Architecture du paysage<\/li><li>Environs de la construction de routes et de pistes (sans mesures de soutien suppl\u00e9mentaires)<\/li><li>Am\u00e9nagement de parcs et de jardins<\/li><li>Ajout aux sols et \u00e0 la tourbe pour les ameublir afin d&rsquo;am\u00e9liorer l&rsquo;a\u00e9ration, l&rsquo;absorption de la chaleur et la dur\u00e9e de floraison<\/li><\/ul><p><strong>Avantages :<\/strong><\/p><ul><li>imputrescible et de dimension stable<\/li><li>Isolation thermique<\/li><li>excellente couche d&rsquo;infiltration (capacit\u00e9 de drainage)<\/li><li>Isolation thermique et en m\u00eame temps couche de drainage ; rupture capillaire<\/li><li>\u00c9conomie d&rsquo;efforts de construction, gr\u00e2ce \u00e0 des mat\u00e9riaux de construction tr\u00e8s l\u00e9gers<\/li><li>facile \u00e0 installer<\/li><li>Pente jusqu&rsquo;\u00e0 50\u00b0 possible<\/li><li>aucun travail d&rsquo;ajustement pour les inserts et les coins<\/li><\/ul><\/div>\n\t\t\t\t\t\t\t\t\t<div class=\"elementor-tab-title elementor-tab-mobile-title\" aria-selected=\"false\" data-tab=\"5\" role=\"tab\" tabindex=\"-1\" aria-controls=\"elementor-tab-content-2495\" aria-expanded=\"false\"><center>Isolation acoustique<\/div>\n\t\t\t\t\t<div id=\"elementor-tab-content-2495\" class=\"elementor-tab-content elementor-clearfix\" data-tab=\"5\" role=\"tabpanel\" aria-labelledby=\"elementor-tab-title-2495\" tabindex=\"0\" hidden=\"hidden\"><p>Le SGS (ballast de verre-mousse) utilis\u00e9 pour l&rsquo;isolation acoustique se caract\u00e9rise par la transmission et l&rsquo;absorption. Les mat\u00e9riaux lourds (par exemple les pierres) sont responsables de la transmission. Pour l&rsquo;absorption du SGS l\u00e9ger, une isolation acoustique de premi\u00e8re classe, qui r\u00e9pond \u00e9galement aux exigences esth\u00e9tiques &#8211; optiques.<\/p><p>Un exemple de ce type de mur anti-bruit est utilis\u00e9 par les chemins de fer f\u00e9d\u00e9raux suisses et dans les zones urbaines (Berne) comme \u00e9l\u00e9ment architectural moderne. Une absorption du bruit de plus de 28 db est possible.<\/p><\/div>\n\t\t\t\t\t\t\t\t\t<div class=\"elementor-tab-title elementor-tab-mobile-title\" aria-selected=\"false\" data-tab=\"6\" role=\"tab\" tabindex=\"-1\" aria-controls=\"elementor-tab-content-2496\" aria-expanded=\"false\"><center>Construction de routes et g\u00e9nie civil <\/div>\n\t\t\t\t\t<div id=\"elementor-tab-content-2496\" class=\"elementor-tab-content elementor-clearfix\" data-tab=\"6\" role=\"tabpanel\" aria-labelledby=\"elementor-tab-title-2496\" tabindex=\"0\" hidden=\"hidden\"><p><strong>Domaines d&rsquo;application :<\/strong><\/p><ul><li>Construction de routes<\/li><li>Construction de ponts<\/li><li>Construction de barrages<\/li><li>Stabilisation des pentes<\/li><\/ul><p><strong>Avantages :<\/strong><\/p><ul><li>Augmenter la dur\u00e9e de vie de la couche de goudron et r\u00e9duire les co\u00fbts d&rsquo;entretien des routes<\/li><li>Effet de drainage \u00e9lev\u00e9 gr\u00e2ce \u00e0 un taux de vide d&rsquo;environ 35 %<\/li><li>Soulagement des composants structurels (avantages structurels) gr\u00e2ce \u00e0 la faible masse de l&rsquo;installation (environ 170-200 kg\/m\u00b3)<\/li><li>Stabilisation des sols instables gr\u00e2ce \u00e0 un transfert de charge \u00e9lev\u00e9 et \u00e0 l\u2019\u00ab\u00a0embo\u00eetement\u00a0\u00bb du lest en verre-mousse (verre expans\u00e9)<\/li><li>D\u00e9j\u00e0 une rupture capillaire \u00e0 faible hauteur d&rsquo;installation<\/li><\/ul><\/div>\n\t\t\t\t\t\t\t<\/div>\n\t\t<\/div>\n\t\t\t\t\t\t<\/div>\n\t\t\t\t<\/div>\n\t\t\t\t\t<\/div>\n\t\t<\/div>\n\t\t\t\t\t<\/div>\n\t\t<\/section>\n\t\t\t\t<\/div>\n\t\t","protected":false},"excerpt":{"rendered":"<p>G\u00e9n\u00e9ralit\u00e9s Sous-structure porteuse Joint thermique porteur Remblai meuble ou l\u00e9g\u00e8rement compact\u00e9 Isolation acoustique Construction de routes et g\u00e9nie civil G\u00e9n\u00e9ralit\u00e9s Nous vous proposons ici un aper\u00e7u des applications possibles du ballast en verre-mousse (verre expans\u00e9). Logistique \/ Traitement L&#8217;ensemble de l&#8217;installation est simple et ne n\u00e9cessite aucune mesure de protection particuli\u00e8re. M\u00eame pendant la mise&hellip;<\/p>\n","protected":false},"author":1,"featured_media":0,"parent":0,"menu_order":0,"comment_status":"closed","ping_status":"closed","template":"","meta":{"footnotes":""},"class_list":["post-504","page","type-page","status-publish","hentry"],"_links":{"self":[{"href":"https:\/\/sggc.com\/fr\/wp-json\/wp\/v2\/pages\/504","targetHints":{"allow":["GET"]}}],"collection":[{"href":"https:\/\/sggc.com\/fr\/wp-json\/wp\/v2\/pages"}],"about":[{"href":"https:\/\/sggc.com\/fr\/wp-json\/wp\/v2\/types\/page"}],"author":[{"embeddable":true,"href":"https:\/\/sggc.com\/fr\/wp-json\/wp\/v2\/users\/1"}],"replies":[{"embeddable":true,"href":"https:\/\/sggc.com\/fr\/wp-json\/wp\/v2\/comments?post=504"}],"version-history":[{"count":10,"href":"https:\/\/sggc.com\/fr\/wp-json\/wp\/v2\/pages\/504\/revisions"}],"predecessor-version":[{"id":570,"href":"https:\/\/sggc.com\/fr\/wp-json\/wp\/v2\/pages\/504\/revisions\/570"}],"wp:attachment":[{"href":"https:\/\/sggc.com\/fr\/wp-json\/wp\/v2\/media?parent=504"}],"curies":[{"name":"wp","href":"https:\/\/api.w.org\/{rel}","templated":true}]}}