{"id":550,"date":"2021-02-07T19:36:40","date_gmt":"2021-02-07T18:36:40","guid":{"rendered":"https:\/\/sgg-consulting.com\/fr\/?page_id=550"},"modified":"2021-07-29T15:08:45","modified_gmt":"2021-07-29T13:08:45","slug":"career","status":"publish","type":"page","link":"https:\/\/sggc.com\/fr\/career\/","title":{"rendered":"Career"},"content":{"rendered":"\t\t<div data-elementor-type=\"wp-page\" data-elementor-id=\"550\" class=\"elementor elementor-550\">\n\t\t\t\t\t\t<section class=\"elementor-section elementor-top-section elementor-element elementor-element-e74ad9e elementor-section-boxed elementor-section-height-default elementor-section-height-default\" data-id=\"e74ad9e\" data-element_type=\"section\" data-e-type=\"section\">\n\t\t\t\t\t\t<div class=\"elementor-container elementor-column-gap-default\">\n\t\t\t\t\t<div class=\"elementor-column elementor-col-100 elementor-top-column elementor-element elementor-element-c5b185c\" data-id=\"c5b185c\" data-element_type=\"column\" data-e-type=\"column\">\n\t\t\t<div class=\"elementor-widget-wrap elementor-element-populated\">\n\t\t\t\t\t\t<div class=\"elementor-element elementor-element-d623d5e elementor-widget elementor-widget-heading\" data-id=\"d623d5e\" data-element_type=\"widget\" data-e-type=\"widget\" data-widget_type=\"heading.default\">\n\t\t\t\t<div class=\"elementor-widget-container\">\n\t\t\t\t\t<h2 class=\"elementor-heading-title elementor-size-default\">Carri\u00e8re chez Schaumglas Global Consulting<\/h2>\t\t\t\t<\/div>\n\t\t\t\t<\/div>\n\t\t\t\t<div class=\"elementor-element elementor-element-b2cbdd4 elementor-widget elementor-widget-heading\" data-id=\"b2cbdd4\" data-element_type=\"widget\" data-e-type=\"widget\" data-widget_type=\"heading.default\">\n\t\t\t\t<div class=\"elementor-widget-container\">\n\t\t\t\t\t<h4 class=\"elementor-heading-title elementor-size-default\">Nous nous r\u00e9jouissons de recevoir votre candidature !<\/h4>\t\t\t\t<\/div>\n\t\t\t\t<\/div>\n\t\t\t\t<div class=\"elementor-element elementor-element-b3db21a elementor-widget elementor-widget-text-editor\" data-id=\"b3db21a\" data-element_type=\"widget\" data-e-type=\"widget\" data-widget_type=\"text-editor.default\">\n\t\t\t\t<div class=\"elementor-widget-container\">\n\t\t\t\t\t\t\t\t\t<p>Schaumglas Global Consulting GmbH, bas\u00e9e \u00e0 Gelsenkirchen, en Allemagne, est l&rsquo;un des principaux fournisseurs mondiaux de machines et d&rsquo;\u00e9quipements pour la production de verre-mousse (verre expans\u00e9). Nous conseillons nos clients non seulement pour la planification des projets d&rsquo;installations, mais aussi pour la production et la maintenance. Notre entreprise fixe des normes en termes de s\u00e9curit\u00e9, de qualit\u00e9, de performances de haute qualit\u00e9, de livraison, de gestion de projet, de comp\u00e9titivit\u00e9 et de fiabilit\u00e9<\/p>\t\t\t\t\t\t\t\t<\/div>\n\t\t\t\t<\/div>\n\t\t\t\t<div class=\"elementor-element elementor-element-d4e355a elementor-widget elementor-widget-accordion\" data-id=\"d4e355a\" data-element_type=\"widget\" data-e-type=\"widget\" data-widget_type=\"accordion.default\">\n\t\t\t\t<div class=\"elementor-widget-container\">\n\t\t\t\t\t\t\t<div class=\"elementor-accordion\">\n\t\t\t\t\t\t\t<div class=\"elementor-accordion-item\">\n\t\t\t\t\t<div id=\"elementor-tab-title-2231\" class=\"elementor-tab-title\" data-tab=\"1\" role=\"button\" aria-controls=\"elementor-tab-content-2231\" aria-expanded=\"false\">\n\t\t\t\t\t\t\t\t\t\t\t\t\t<span class=\"elementor-accordion-icon elementor-accordion-icon-left\" aria-hidden=\"true\">\n\t\t\t\t\t\t\t\t\t\t\t\t\t\t\t<span class=\"elementor-accordion-icon-closed\"><i class=\"fas fa-plus\"><\/i><\/span>\n\t\t\t\t\t\t\t\t<span class=\"elementor-accordion-icon-opened\"><i class=\"fas fa-minus\"><\/i><\/span>\n\t\t\t\t\t\t\t\t\t\t\t\t\t\t<\/span>\n\t\t\t\t\t\t\t\t\t\t\t\t<a class=\"elementor-accordion-title\" tabindex=\"0\">Experts en production (m\/f\/d) dans la fabrication de ballast en verre-mousse (verre expans\u00e9)<\/a>\n\t\t\t\t\t<\/div>\n\t\t\t\t\t<div id=\"elementor-tab-content-2231\" class=\"elementor-tab-content elementor-clearfix\" data-tab=\"1\" role=\"region\" aria-labelledby=\"elementor-tab-title-2231\"><p>Vos t\u00e2ches :<\/p><ul><li>Organiser et soutenir la production locale<\/li><li>R\u00e9glage des recettes et des param\u00e8tres de production (installation de mati\u00e8res premi\u00e8res et four)<\/li><li>Contr\u00f4le de la production en cours (tenue d&rsquo;un journal de production, contr\u00f4le du rendement et de la qualit\u00e9)<\/li><li>Formation du personnel d&rsquo;exploitation local<\/li><li>Organisation, suivi et documentation de la maintenance<\/li><li>Cr\u00e9ation d&rsquo;un manuel de formation et de maintenance<\/li><\/ul><p>Votre profil :<\/p><ul><li>Plusieurs ann\u00e9es d&rsquo;exp\u00e9rience dans la production de verre-mousse (verre expans\u00e9)<\/li><li>Exp\u00e9rience dans l&rsquo;organisation de la maintenance<\/li><li>Bonne connaissance de l&rsquo;allemand et de l&rsquo;anglais<\/li><li>Un mode de travail ind\u00e9pendant et flexible<\/li><li>Volont\u00e9 de voyager \u00e0 l&rsquo;\u00e9tranger<\/li><\/ul><p>Nous offrons :<\/p><ul><li>travail ind\u00e9pendant et autonome<\/li><li>des t\u00e2ches passionnantes dans un environnement international<\/li><li>r\u00e9mun\u00e9ration bas\u00e9e sur la performance<\/li><li>des possibilit\u00e9s de formation et de d\u00e9veloppement professionnels<\/li><li>Travailler dans une \u00e9quipe motiv\u00e9e<\/li><\/ul><p>\u00a0<\/p><p>\u21d2 <a href=\"https:\/\/sggc.com\/en\/wp-content\/uploads\/sites\/4\/2021\/02\/20210127-Job-search-SGGC_English.doc-003.pdf\">PDF- Download<\/a><\/p><\/div>\n\t\t\t\t<\/div>\n\t\t\t\t\t\t\t\t<\/div>\n\t\t\t\t\t\t<\/div>\n\t\t\t\t<\/div>\n\t\t\t\t<div class=\"elementor-element elementor-element-0bdd992 elementor-widget elementor-widget-text-editor\" data-id=\"0bdd992\" data-element_type=\"widget\" data-e-type=\"widget\" data-widget_type=\"text-editor.default\">\n\t\t\t\t<div class=\"elementor-widget-container\">\n\t\t\t\t\t\t\t\t\t<p>Si ce poste stimulant au sein d&rsquo;une entreprise innovante vous int\u00e9resse, nous nous r\u00e9jouissons de recevoir votre candidature. Veuillez les envoyer, de pr\u00e9f\u00e9rence sous forme \u00e9lectronique, en pr\u00e9cisant vos revenus et vos disponibilit\u00e9s \u00e0 : a.steiner@sgg-consulting.com. Pour un premier contact, le Dr Arjen Steiner est \u00e0 votre disposition au num\u00e9ro de t\u00e9l\u00e9phone +49 163 481 43 63.<\/p>\t\t\t\t\t\t\t\t<\/div>\n\t\t\t\t<\/div>\n\t\t\t\t\t<\/div>\n\t\t<\/div>\n\t\t\t\t\t<\/div>\n\t\t<\/section>\n\t\t\t\t<\/div>\n\t\t","protected":false},"excerpt":{"rendered":"<p>Carri\u00e8re chez Schaumglas Global Consulting Nous nous r\u00e9jouissons de recevoir votre candidature ! Schaumglas Global Consulting GmbH, bas\u00e9e \u00e0 Gelsenkirchen, en Allemagne, est l&rsquo;un des principaux fournisseurs mondiaux de machines et d&rsquo;\u00e9quipements pour la production de verre-mousse (verre expans\u00e9). Nous conseillons nos clients non seulement pour la planification des projets d&rsquo;installations, mais aussi pour la&hellip;<\/p>\n","protected":false},"author":1,"featured_media":0,"parent":0,"menu_order":0,"comment_status":"closed","ping_status":"closed","template":"","meta":{"footnotes":""},"class_list":["post-550","page","type-page","status-publish","hentry"],"_links":{"self":[{"href":"https:\/\/sggc.com\/fr\/wp-json\/wp\/v2\/pages\/550","targetHints":{"allow":["GET"]}}],"collection":[{"href":"https:\/\/sggc.com\/fr\/wp-json\/wp\/v2\/pages"}],"about":[{"href":"https:\/\/sggc.com\/fr\/wp-json\/wp\/v2\/types\/page"}],"author":[{"embeddable":true,"href":"https:\/\/sggc.com\/fr\/wp-json\/wp\/v2\/users\/1"}],"replies":[{"embeddable":true,"href":"https:\/\/sggc.com\/fr\/wp-json\/wp\/v2\/comments?post=550"}],"version-history":[{"count":6,"href":"https:\/\/sggc.com\/fr\/wp-json\/wp\/v2\/pages\/550\/revisions"}],"predecessor-version":[{"id":567,"href":"https:\/\/sggc.com\/fr\/wp-json\/wp\/v2\/pages\/550\/revisions\/567"}],"wp:attachment":[{"href":"https:\/\/sggc.com\/fr\/wp-json\/wp\/v2\/media?parent=550"}],"curies":[{"name":"wp","href":"https:\/\/api.w.org\/{rel}","templated":true}]}}