{"id":344,"date":"2019-06-13T12:10:34","date_gmt":"2019-06-13T10:10:34","guid":{"rendered":"http:\/\/wordpress.p518536.webspaceconfig.de\/?page_id=344"},"modified":"2021-07-29T11:16:15","modified_gmt":"2021-07-29T09:16:15","slug":"kontakt","status":"publish","type":"page","link":"https:\/\/sggc.com\/ru2\/kontakt\/","title":{"rendered":"Kontakt"},"content":{"rendered":"<div id=\"dslc-content\" class=\"dslc-content dslc-clearfix\"><div id=\"dslc-main\">\r\n\t\t\t<div  class=\"dslc-modules-section  dslc-full \" style=\"\" data-section-id=\"76b078ac39a\">\r\n\t\t\t\t\r\n\t\t\t\t\r\n\t\t\t\t<div class=\"dslc-modules-section-wrapper dslc-clearfix\"><style type=\"text\/css\" id=\"dslca-modules-area-\"><\/style><div  class=\"dslc-modules-area dslc-col dslc-12-col dslc-last-col dslc-valign- \" data-size=\"12\" data-valign=\"\" data-modules-area-id=\"\" >\r\n\t\t<div id=\"dslc-module-ab68b8cb53d\" class=\"dslc-module-front dslc-module-DSLC_Text_Simple dslc-in-viewport-check dslc-in-viewport-anim-none  dslc-col dslc-6-col  dslc-module-handle-like-regular \" data-module-id=\"ab68b8cb53d\" data-module=\"DSLC_Text_Simple\" data-dslc-module-size=\"6\" data-dslc-anim=\"none\" data-dslc-anim-delay=\"\" data-dslc-anim-duration=\"650\"  data-dslc-anim-easing=\"ease\" data-dslc-preset=\"none\" >\r\n\r\n\t\t\t\r\n\t\t\t\r\n\t\t\n\t\t<div class=\"dslc-text-module-content\">\n\t\t\t<p>\u041a\u043e\u043d\u0442\u0430\u043a\u0442\u044b<\/p>\t\t<\/div>\n\n\t\t\r\n\t\t\t\t<\/div><!-- .dslc-module -->\r\n\t\t\r\n\t\t<div id=\"dslc-module-de45c58ea96\" class=\"dslc-module-front dslc-module-DSLC_Text_Simple dslc-in-viewport-check dslc-in-viewport-anim-none  dslc-col dslc-6-col dslc-last-col  dslc-module-handle-like-regular \" data-module-id=\"de45c58ea96\" data-module=\"DSLC_Text_Simple\" data-dslc-module-size=\"6\" data-dslc-anim=\"none\" data-dslc-anim-delay=\"\" data-dslc-anim-duration=\"650\"  data-dslc-anim-easing=\"ease\" data-dslc-preset=\"none\" >\r\n\r\n\t\t\t\r\n\t\t\t\r\n\t\t\n\t\t<div class=\"dslc-text-module-content\">\n\t\t\t<h3><strong>\u0424\u043e\u0440\u043c\u0430 \u043e\u0431\u0440\u0430\u0442\u043d\u043e\u0439 \u0441\u0432\u044f\u0437\u0438<\/strong><\/h3>\t\t<\/div>\n\n\t\t\r\n\t\t\t\t<\/div><!-- .dslc-module -->\r\n\t\t\r\n\t\t<div id=\"dslc-module-979df46ca2c\" class=\"dslc-module-front dslc-module-DSLC_Text_Simple dslc-in-viewport-check dslc-in-viewport-anim-none  dslc-col dslc-6-col  dslc-module-handle-like-regular \" data-module-id=\"979df46ca2c\" data-module=\"DSLC_Text_Simple\" data-dslc-module-size=\"6\" data-dslc-anim=\"none\" data-dslc-anim-delay=\"\" data-dslc-anim-duration=\"650\"  data-dslc-anim-easing=\"ease\" data-dslc-preset=\"none\" >\r\n\r\n\t\t\t\r\n\t\t\t\r\n\t\t\n\t\t<div class=\"dslc-text-module-content\">\n\t\t\t<p><strong>\u0410\u0434\u0440\u0435\u0441 \u043f\u0440\u0435\u0434\u043f\u0440\u0438\u044f\u0442\u0438\u044f:<\/strong><br>\u0411\u043e\u0445\u0443\u043c\u0435\u0440\u0448\u0442\u0440\u0430\u0441\u0441\u0435, 217<\/p><p>45886 \u0413\u0435\u043b\u044c\u0437\u0435\u043d\u043a\u0438\u0440\u0445\u0435\u043d, \u0413\u0435\u0440\u043c\u0430\u043d\u0438\u044f<\/p><p>&nbsp;<\/p><p>\u0422\u0435\u043b\u0435\u0444\u043e\u043d: +49 209 - 155 19 290<br>\u0424\u0430\u043a\u0441: +49 209 - 155 19 295<\/p><p><a href=\"mailto:info@sgg-consulting.com\">info@sgg-consulting.com<\/a> <br><a href=\"http:\/\/www.sgg-consulting.com\">www.sgg-consulting.com<\/a><\/p><p><strong>\u041a\u043e\u043d\u0442\u0430\u043a\u0442\u043d\u044b\u0435 \u043b\u0438\u0446\u0430:<\/strong><\/p><p>\u0414\u0438\u043f\u043b. \u0438\u043d\u0436. \u0425\u0430\u0440\u0430\u043b\u044c\u0434 \u041f\u0440\u0430\u043d\u0433<br>\u0414\u0438\u0440\u0435\u043a\u0442\u043e\u0440<br><a href=\"mailto:h.prang@sgg-consulting.com\">h.prang@sgg-consulting.com<\/a> <br>\u0422\u0435\u043b.: +49 209 - 155 19 290<br>\u041c\u043e\u0431\u0438\u043b\u044c\u043d\u044b\u0439 \u0442\u0435\u043b\u0435\u0444\u043e\u043d: +49 170 24 64 996<\/p><p>\u0414-\u0440 \u0410\u0440\u044c\u0435\u043d \u0428\u0442\u0430\u0439\u043d\u0435\u0440<br>\u0414\u0438\u0440\u0435\u043a\u0442\u043e\u0440<br><a href=\"mailto:a.steiner@sgg-consulting.com\">a.steiner@sgg-consulting.com<\/a> <br>\u0422\u0435\u043b.: + 49 209 - 155 19 290<br>\u041c\u043e\u0431\u0438\u043b\u044c\u043d\u044b\u0439 \u0442\u0435\u043b\u0435\u0444\u043e\u043d: +49 163 48 14 363<\/p><p>\u041a\u044c\u0435\u043b\u044c \u0425\u043e\u043a\u043e\u043d \u0425\u0435\u043b\u044c\u0433\u0435\u0441\u0435\u043d (Kjell H\u00e5kon Helgesen), \u041c\u0430\u0433\u0438\u0441\u0442\u0440 \u0435\u0441\u0442\u0435\u0441\u0442\u0432\u0435\u043d\u043d\u044b\u0445 \u043d\u0430\u0443\u043a<br>\u0420\u0443\u043a\u043e\u0432\u043e\u0434\u0438\u0442\u0435\u043b\u044c \u043e\u0442\u0434\u0435\u043b\u0430 \u0441\u0431\u044b\u0442\u0430<br><a href=\"mailto:kh.helgesen@sgg-consulting.com\">kh.helgesen@sgg-consulting.com<\/a> <br>\u041c\u043e\u0431\u0438\u043b\u044c\u043d\u044b\u0439 \u0442\u0435\u043b\u0435\u0444\u043e\u043d: +47 913 97 732<\/p><p>\u0422\u0443\u043e\u043c\u0430\u0441 \u042f\u044d\u0441\u043a\u0435\u043b\u044f\u0439\u043d\u0435\u043d (Tuomas J\u00e4\u00e4skel\u00e4inen), \u041c\u0430\u0433\u0438\u0441\u0442\u0440 \u0435\u0441\u0442\u0435\u0441\u0442\u0432\u0435\u043d\u043d\u044b\u0445 \u043d\u0430\u0443\u043a<br>\u0422\u0435\u0445\u043d\u0438\u0447\u0435\u0441\u043a\u0438\u0439 \u0434\u0438\u0440\u0435\u043a\u0442\u043e\u0440<br><a href=\"mailto:t.jaaskelainen@sgg-consulting.com\">t.jaaskelainen@sgg-consulting.com<\/a> <br>\u041c\u043e\u0431\u0438\u043b\u044c\u043d\u044b\u0439 \u0442\u0435\u043b\u0435\u0444\u043e\u043d: +358 503 60 43 90<\/p>\t\t<\/div>\n\n\t\t\r\n\t\t\t\t<\/div><!-- .dslc-module -->\r\n\t\t\r\n\t\t<div id=\"dslc-module-c52a87085fa\" class=\"dslc-module-front dslc-module-DSLC_Shortcode dslc-in-viewport-check dslc-in-viewport-anim-none  dslc-col dslc-6-col dslc-last-col  dslc-module-handle-like-regular \" data-module-id=\"c52a87085fa\" data-module=\"DSLC_Shortcode\" data-dslc-module-size=\"6\" data-dslc-anim=\"none\" data-dslc-anim-delay=\"\" data-dslc-anim-duration=\"650\"  data-dslc-anim-easing=\"ease\" data-dslc-preset=\"none\" >\r\n\r\n\t\t\t\r\n\t\t\t\r\n\t\t\t\t<div class=\"dslc-module-shortcode\">\n\t\t\t\n<div class=\"wpcf7 no-js\" id=\"wpcf7-f346-o2\" lang=\"de-DE\" dir=\"ltr\" data-wpcf7-id=\"346\">\n<div class=\"screen-reader-response\"><p role=\"status\" aria-live=\"polite\" aria-atomic=\"true\"><\/p> <ul><\/ul><\/div>\n<form action=\"\/ru2\/wp-json\/wp\/v2\/pages\/344#wpcf7-f346-o2\" method=\"post\" class=\"wpcf7-form init\" aria-label=\"Kontaktformular\" novalidate=\"novalidate\" data-status=\"init\">\n<fieldset class=\"hidden-fields-container\"><input type=\"hidden\" name=\"_wpcf7\" value=\"346\" \/><input type=\"hidden\" name=\"_wpcf7_version\" value=\"6.1.5\" \/><input type=\"hidden\" name=\"_wpcf7_locale\" value=\"de_DE\" \/><input type=\"hidden\" name=\"_wpcf7_unit_tag\" value=\"wpcf7-f346-o2\" \/><input type=\"hidden\" name=\"_wpcf7_container_post\" value=\"0\" \/><input type=\"hidden\" name=\"_wpcf7_posted_data_hash\" value=\"\" \/>\n<\/fieldset>\n<p>\u0418\u043c\u044f*\n<\/p>\n<p><span class=\"wpcf7-form-control-wrap\" data-name=\"text-447\"><input size=\"40\" maxlength=\"400\" class=\"wpcf7-form-control wpcf7-text wpcf7-validates-as-required\" aria-required=\"true\" aria-invalid=\"false\" value=\"\" type=\"text\" name=\"text-447\" \/><\/span>\n<\/p>\n<p>\u041a\u043e\u043c\u043f\u0430\u043d\u0438\u044f*\n<\/p>\n<p><span class=\"wpcf7-form-control-wrap\" data-name=\"firma\"><input size=\"40\" maxlength=\"400\" class=\"wpcf7-form-control wpcf7-text wpcf7-validates-as-required\" aria-required=\"true\" aria-invalid=\"false\" value=\"\" type=\"text\" name=\"firma\" \/><\/span>\n<\/p>\n<p>\u0423\u043b\u0438\u0446\u0430*\n<\/p>\n<p><span class=\"wpcf7-form-control-wrap\" data-name=\"strasse\"><input size=\"40\" maxlength=\"400\" class=\"wpcf7-form-control wpcf7-text wpcf7-validates-as-required\" aria-required=\"true\" aria-invalid=\"false\" value=\"\" type=\"text\" name=\"strasse\" \/><\/span>\n<\/p>\n<p>\u041f\u043e\u0447\u0442\u043e\u0432\u044b\u0439 \u0438\u043d\u0434\u0435\u043a\u0441*\n<\/p>\n<p><span class=\"wpcf7-form-control-wrap\" data-name=\"PLZ\"><input class=\"wpcf7-form-control wpcf7-number wpcf7-validates-as-required wpcf7-validates-as-number\" aria-required=\"true\" aria-invalid=\"false\" value=\"\" type=\"number\" name=\"PLZ\" \/><\/span>\n<\/p>\n<p>\u041d\u0430\u0441\u0435\u043b\u0435\u043d\u043d\u044b\u0439 \u043f\u0443\u043d\u043a\u0442*\n<\/p>\n<p><span class=\"wpcf7-form-control-wrap\" data-name=\"ort\"><input size=\"40\" maxlength=\"400\" class=\"wpcf7-form-control wpcf7-text wpcf7-validates-as-required\" aria-required=\"true\" aria-invalid=\"false\" value=\"\" type=\"text\" name=\"ort\" \/><\/span>\n<\/p>\n<p>\u0421\u0442\u0440\u0430\u043d\u0430*\n<\/p>\n<p><span class=\"wpcf7-form-control-wrap\" data-name=\"land\"><input size=\"40\" maxlength=\"400\" class=\"wpcf7-form-control wpcf7-text wpcf7-validates-as-required\" aria-required=\"true\" aria-invalid=\"false\" value=\"\" type=\"text\" name=\"land\" \/><\/span>\n<\/p>\n<p>\u0422\u0435\u043b\u0435\u0444\u043e\u043d*\n<\/p>\n<p><span class=\"wpcf7-form-control-wrap\" data-name=\"Telefon\"><input size=\"40\" maxlength=\"400\" class=\"wpcf7-form-control wpcf7-tel wpcf7-validates-as-required wpcf7-text wpcf7-validates-as-tel\" aria-required=\"true\" aria-invalid=\"false\" value=\"\" type=\"tel\" name=\"Telefon\" \/><\/span>\n<\/p>\n<p>E-Mail-Adresse*\n<\/p>\n<p><span class=\"wpcf7-form-control-wrap\" data-name=\"your-email\"><input size=\"40\" maxlength=\"400\" class=\"wpcf7-form-control wpcf7-email wpcf7-validates-as-required wpcf7-text wpcf7-validates-as-email\" aria-required=\"true\" aria-invalid=\"false\" value=\"\" type=\"email\" name=\"your-email\" \/><\/span>\n<\/p>\n<p>\u041f\u043e\u0432\u043e\u0434 \u0434\u043b\u044f \u043e\u0431\u0440\u0430\u0449\u0435\u043d\u0438\u044f\n<\/p>\n<p><span class=\"wpcf7-form-control-wrap\" data-name=\"your-subject\"><input size=\"40\" maxlength=\"400\" class=\"wpcf7-form-control wpcf7-text\" aria-invalid=\"false\" value=\"\" type=\"text\" name=\"your-subject\" \/><\/span>\n<\/p>\n<p>\u0412\u0430\u0448\u0435 \u0441\u043e\u043e\u0431\u0449\u0435\u043d\u0438\u0435\n<\/p>\n<p><span class=\"wpcf7-form-control-wrap\" data-name=\"your-message\"><textarea cols=\"40\" rows=\"10\" maxlength=\"2000\" class=\"wpcf7-form-control wpcf7-textarea\" aria-invalid=\"false\" name=\"your-message\"><\/textarea><\/span>\n<\/p>\n<p>[honeypot vorname]\n<\/p>\n<p><a href=\"https:\/\/sggc.com\/ru2\/datenschutzerklaerung\/\" target=_blank>\u0418\u043d\u0444\u043e\u0440\u043c\u0430\u0446\u0438\u044f \u043e \u0437\u0430\u0449\u0438\u0442\u0435 \u043f\u0435\u0440\u0441\u043e\u043d\u0430\u043b\u044c\u043d\u044b\u0445 \u0434\u0430\u043d\u043d\u044b\u0445<\/a><br \/>\n<span class=\"wpcf7-form-control-wrap\" data-name=\"Datenschutz\"><span class=\"wpcf7-form-control wpcf7-checkbox wpcf7-validates-as-required\"><span class=\"wpcf7-list-item first last\"><input type=\"checkbox\" name=\"Datenschutz[]\" value=\"\u042f \u043e\u0437\u043d\u0430\u043a\u043e\u043c\u0438\u043b\u0441\u044f \u0441 \u0438\u043d\u0444\u043e\u0440\u043c\u0430\u0446\u0438\u0435\u0439 \u043e \u0437\u0430\u0449\u0438\u0442\u0435 \u043f\u0435\u0440\u0441\u043e\u043d\u0430\u043b\u044c\u043d\u044b\u0445 \u0434\u0430\u043d\u043d\u044b\u0445 \u0438 \u0434\u0430\u044e \u0441\u0432\u043e\u0435 \u0441\u043e\u0433\u043b\u0430\u0441\u0438\u0435 \u043d\u0430 \u043e\u0431\u0440\u0430\u0431\u043e\u0442\u043a\u0443 \u0441\u0432\u043e\u0438\u0445 \u0434\u0430\u043d\u043d\u044b\u0445. *\" \/><span class=\"wpcf7-list-item-label\">\u042f \u043e\u0437\u043d\u0430\u043a\u043e\u043c\u0438\u043b\u0441\u044f \u0441 \u0438\u043d\u0444\u043e\u0440\u043c\u0430\u0446\u0438\u0435\u0439 \u043e \u0437\u0430\u0449\u0438\u0442\u0435 \u043f\u0435\u0440\u0441\u043e\u043d\u0430\u043b\u044c\u043d\u044b\u0445 \u0434\u0430\u043d\u043d\u044b\u0445 \u0438 \u0434\u0430\u044e \u0441\u0432\u043e\u0435 \u0441\u043e\u0433\u043b\u0430\u0441\u0438\u0435 \u043d\u0430 \u043e\u0431\u0440\u0430\u0431\u043e\u0442\u043a\u0443 \u0441\u0432\u043e\u0438\u0445 \u0434\u0430\u043d\u043d\u044b\u0445. *<\/span><\/span><\/span><\/span>\n<\/p>\n<p><input class=\"wpcf7-form-control wpcf7-submit has-spinner\" type=\"submit\" value=\"\u041e\u0442\u043f\u0440\u0430\u0432\u0438\u0442\u044c\" \/>\n<\/p>\n<p>\u041f\u043e\u043b\u044f, \u043e\u0442\u043c\u0435\u0447\u0435\u043d\u043d\u044b\u0435 *, \u044f\u0432\u043b\u044f\u044e\u0442\u0441\u044f \u043e\u0431\u044f\u0437\u0430\u0442\u0435\u043b\u044c\u043d\u044b\u043c\u0438 \u0434\u043b\u044f \u0437\u0430\u043f\u043e\u043b\u043d\u0435\u043d\u0438\u044f.\n<\/p><div class=\"wpcf7-response-output\" aria-hidden=\"true\"><\/div>\n<\/form>\n<\/div>\n\t\t<\/div>\n\t\t\r\n\t\t\t\t<\/div><!-- .dslc-module -->\r\n\t\t<\/div><\/div><\/div><\/div><\/div>","protected":false},"excerpt":{"rendered":"<p>\u041a\u043e\u043d\u0442\u0430\u043a\u0442\u044b \u0424\u043e\u0440\u043c\u0430 \u043e\u0431\u0440\u0430\u0442\u043d\u043e\u0439 \u0441\u0432\u044f\u0437\u0438 \u0410\u0434\u0440\u0435\u0441 \u043f\u0440\u0435\u0434\u043f\u0440\u0438\u044f\u0442\u0438\u044f:\u0411\u043e\u0445\u0443\u043c\u0435\u0440\u0448\u0442\u0440\u0430\u0441\u0441\u0435, 21745886 \u0413\u0435\u043b\u044c\u0437\u0435\u043d\u043a\u0438\u0440\u0445\u0435\u043d, \u0413\u0435\u0440\u043c\u0430\u043d\u0438\u044f&nbsp;\u0422\u0435\u043b\u0435\u0444\u043e\u043d: +49 209 - 155 19 290\u0424\u0430\u043a\u0441: +49 209 - 155 19 295info@sgg-consulting.com www.sgg-consulting.com\u041a\u043e\u043d\u0442\u0430\u043a\u0442\u043d\u044b\u0435 \u043b\u0438\u0446\u0430:\u0414\u0438\u043f\u043b. \u0438\u043d\u0436. \u0425\u0430\u0440\u0430\u043b\u044c\u0434 \u041f\u0440\u0430\u043d\u0433\u0414\u0438\u0440\u0435\u043a\u0442\u043e\u0440h.prang@sgg-consulting.com \u0422\u0435\u043b.: +49 209 - 155 19 290\u041c\u043e\u0431\u0438\u043b\u044c\u043d\u044b\u0439 \u0442\u0435\u043b\u0435\u0444\u043e\u043d: +49 170 24 64 996\u0414-\u0440 \u0410\u0440\u044c\u0435\u043d \u0428\u0442\u0430\u0439\u043d\u0435\u0440\u0414\u0438\u0440\u0435\u043a\u0442\u043e\u0440a.steiner@sgg-consulting.com \u0422\u0435\u043b.: + 49 209 - 155 19 290\u041c\u043e\u0431\u0438\u043b\u044c\u043d\u044b\u0439 \u0442\u0435\u043b\u0435\u0444\u043e\u043d: +49 163 48 14 363\u041a\u044c\u0435\u043b\u044c&hellip;<\/p>\n","protected":false},"author":1,"featured_media":0,"parent":0,"menu_order":0,"comment_status":"closed","ping_status":"closed","template":"","meta":{"footnotes":""},"class_list":["post-344","page","type-page","status-publish","hentry"],"_links":{"self":[{"href":"https:\/\/sggc.com\/ru2\/wp-json\/wp\/v2\/pages\/344","targetHints":{"allow":["GET"]}}],"collection":[{"href":"https:\/\/sggc.com\/ru2\/wp-json\/wp\/v2\/pages"}],"about":[{"href":"https:\/\/sggc.com\/ru2\/wp-json\/wp\/v2\/types\/page"}],"author":[{"embeddable":true,"href":"https:\/\/sggc.com\/ru2\/wp-json\/wp\/v2\/users\/1"}],"replies":[{"embeddable":true,"href":"https:\/\/sggc.com\/ru2\/wp-json\/wp\/v2\/comments?post=344"}],"version-history":[{"count":1,"href":"https:\/\/sggc.com\/ru2\/wp-json\/wp\/v2\/pages\/344\/revisions"}],"predecessor-version":[{"id":345,"href":"https:\/\/sggc.com\/ru2\/wp-json\/wp\/v2\/pages\/344\/revisions\/345"}],"wp:attachment":[{"href":"https:\/\/sggc.com\/ru2\/wp-json\/wp\/v2\/media?parent=344"}],"curies":[{"name":"wp","href":"https:\/\/api.w.org\/{rel}","templated":true}]}}